{"id":6416,"date":"2024-02-23T07:04:51","date_gmt":"2024-02-23T07:04:51","guid":{"rendered":"https:\/\/amberdistribution.lv\/?post_type=product&#038;p=6416"},"modified":"2024-04-24T13:09:08","modified_gmt":"2024-04-24T13:09:08","slug":"torres-blends-collection-cinnamon","status":"publish","type":"product","link":"https:\/\/amberdistribution.lv\/lv\/product\/torres-blends-collection-cinnamon\/","title":{"rendered":"Torres Blends Collection Cinnamon"},"content":{"rendered":"<p>Torres brendijs ar gar\u0161viel\u0101m, kas aromatiz\u0113ts ar \u012bstu kan\u0113li un cukurniedr\u0113m. Gatavo\u0161anas laik\u0101 veic baltv\u012bna macer\u0101ciju kop\u0101 ar dab\u012bgo kan\u0113li un cukurniedr\u0113m, p\u0113c tam\u00a0 ar arom\u0101tiem bag\u0101tin\u0101to v\u012bnu destil\u0113 un nogatavina vec\u0101s ozolkoka muc\u0101s. \u0160is process rada unik\u0101lu dz\u0113rienu, kas p\u0101rsteidz ar bag\u0101t\u012bgiem kan\u0113\u013ca arom\u0101tiem un gar\u0161u, smalk\u0101m, pikant\u0101m salduma not\u012bm.<\/p>\n","protected":false},"excerpt":{"rendered":"<p>Torres brendijs ar gar\u0161viel\u0101m, kas aromatiz\u0113ts ar \u012bstu kan\u0113li un cukurniedr\u0113m. Gatavo\u0161anas laik\u0101 veic baltv\u012bna macer\u0101ciju kop\u0101 ar dab\u012bgo kan\u0113li un cukurniedr\u0113m, p\u0113c tam\u00a0 ar arom\u0101tiem bag\u0101tin\u0101to v\u012bnu destil\u0113 un...<\/p>\n","protected":false},"featured_media":6568,"template":"","meta":[],"product_cat":[302,1062],"product_tag":[],"acf":[],"_links":{"self":[{"href":"https:\/\/amberdistribution.lv\/lv\/wp-json\/wp\/v2\/product\/6416"}],"collection":[{"href":"https:\/\/amberdistribution.lv\/lv\/wp-json\/wp\/v2\/product"}],"about":[{"href":"https:\/\/amberdistribution.lv\/lv\/wp-json\/wp\/v2\/types\/product"}],"wp:featuredmedia":[{"embeddable":true,"href":"https:\/\/amberdistribution.lv\/lv\/wp-json\/wp\/v2\/media\/6568"}],"wp:attachment":[{"href":"https:\/\/amberdistribution.lv\/lv\/wp-json\/wp\/v2\/media?parent=6416"}],"wp:term":[{"taxonomy":"product_cat","embeddable":true,"href":"https:\/\/amberdistribution.lv\/lv\/wp-json\/wp\/v2\/product_cat?post=6416"},{"taxonomy":"product_tag","embeddable":true,"href":"https:\/\/amberdistribution.lv\/lv\/wp-json\/wp\/v2\/product_tag?post=6416"}],"curies":[{"name":"wp","href":"https:\/\/api.w.org\/{rel}","templated":true}]}}