{"id":6420,"date":"2024-02-23T07:09:48","date_gmt":"2024-02-23T07:09:48","guid":{"rendered":"https:\/\/amberdistribution.lv\/?post_type=product&#038;p=6420"},"modified":"2024-02-23T07:11:36","modified_gmt":"2024-02-23T07:11:36","slug":"torres-casals-vermouth","status":"publish","type":"product","link":"https:\/\/amberdistribution.lv\/lv\/product\/torres-casals-vermouth\/","title":{"rendered":"Torres Casals Mediteranean Vermouth Rojo"},"content":{"rendered":"<p>Unik\u0101ls sarkanais vermuts no senas, v\u0113sturiskas v\u012bnogu \u0161\u0137irnes Selma ar Vidusj\u016bras arom\u0101tu un gar\u0161as profilu, smalku l\u012bdzsvaru starp r\u016bgto un saldo, intens\u012bviem Vidusj\u016bras augu arom\u0101tiem: apels\u012bnu, mandar\u012bnu mizi\u0146u, ol\u012bvu lapu, timi\u0101na, rozmar\u012bna un kan\u0113\u013ca not\u012bm.<\/p>\n","protected":false},"excerpt":{"rendered":"<p>Unik\u0101ls sarkanais vermuts no senas, v\u0113sturiskas v\u012bnogu \u0161\u0137irnes Selma ar Vidusj\u016bras arom\u0101tu un gar\u0161as profilu, smalku l\u012bdzsvaru starp r\u016bgto un saldo, intens\u012bviem Vidusj\u016bras augu arom\u0101tiem: apels\u012bnu, mandar\u012bnu mizi\u0146u, ol\u012bvu lapu,...<\/p>\n","protected":false},"featured_media":6423,"template":"","meta":[],"product_cat":[442,438],"product_tag":[],"acf":[],"_links":{"self":[{"href":"https:\/\/amberdistribution.lv\/lv\/wp-json\/wp\/v2\/product\/6420"}],"collection":[{"href":"https:\/\/amberdistribution.lv\/lv\/wp-json\/wp\/v2\/product"}],"about":[{"href":"https:\/\/amberdistribution.lv\/lv\/wp-json\/wp\/v2\/types\/product"}],"wp:featuredmedia":[{"embeddable":true,"href":"https:\/\/amberdistribution.lv\/lv\/wp-json\/wp\/v2\/media\/6423"}],"wp:attachment":[{"href":"https:\/\/amberdistribution.lv\/lv\/wp-json\/wp\/v2\/media?parent=6420"}],"wp:term":[{"taxonomy":"product_cat","embeddable":true,"href":"https:\/\/amberdistribution.lv\/lv\/wp-json\/wp\/v2\/product_cat?post=6420"},{"taxonomy":"product_tag","embeddable":true,"href":"https:\/\/amberdistribution.lv\/lv\/wp-json\/wp\/v2\/product_tag?post=6420"}],"curies":[{"name":"wp","href":"https:\/\/api.w.org\/{rel}","templated":true}]}}