{"id":6502,"date":"2024-03-26T10:48:51","date_gmt":"2024-03-26T10:48:51","guid":{"rendered":"https:\/\/amberdistribution.lv\/?post_type=product&#038;p=6502"},"modified":"2024-03-26T10:49:13","modified_gmt":"2024-03-26T10:49:13","slug":"perrier-starck-limited-edition","status":"publish","type":"product","link":"https:\/\/amberdistribution.lv\/lv\/product\/perrier-starck-limited-edition\/","title":{"rendered":"Perrier Starck Limited Edition"},"content":{"rendered":"<p>PERRIER\u00ae svinot savu 160. gadadienu, turpina p\u0101rsteigt. Jaunais ierobe\u017eotais izdevums PERRIER\u00ae + STARCK\u00ae starptautiskaj\u0101 tirg\u016b tika laists oktobra vid\u016b; pavisam jauna ikonisk\u0101s stikla pudeles versija, kuras formu pirmo reizi t\u0101s v\u0113stur\u0113 ir p\u0101rveidojis vizion\u0101rs fran\u010du rad\u012bt\u0101js Filips Starks. Starka p\u0101rveidotaj\u0101 versij\u0101 PERRIER\u00ae pudele k\u013c\u016bst par at\u0161\u0137ir\u012bgu, unik\u0101lu un rado\u0161u objektu, gan iev\u0113rojamu, gan elegantu. Iedvesmojoties no Fresnel optisko l\u0113cu dizaina un t\u0101, k\u0101 tas izklied\u0113 gaismu, pl\u0101n\u0101s horizont\u0101l\u0101s sv\u012btras, kas iegrav\u0113tas PERRIER\u00ae + STARCK\u00ae pudeles stikla virsm\u0101, rada vizu\u0101lu interesi, sp\u0113l\u0113joties ar optiku un gaismu. \"Tas ir bijis sap\u0146a piepild\u012bjums, p\u0101r\u0146emot le\u0123endu, kas ir PERRIER\u00ae pudele.\" Filips Starks<\/p>\n","protected":false},"excerpt":{"rendered":"<p>PERRIER\u00ae svinot savu 160. gadadienu, turpina p\u0101rsteigt. Jaunais ierobe\u017eotais izdevums PERRIER\u00ae + STARCK\u00ae starptautiskaj\u0101 tirg\u016b tika laists oktobra vid\u016b; pavisam jauna ikonisk\u0101s stikla pudeles versija, kuras formu pirmo reizi t\u0101s...<\/p>\n","protected":false},"featured_media":6503,"template":"","meta":[],"product_cat":[448,447],"product_tag":[],"acf":[],"_links":{"self":[{"href":"https:\/\/amberdistribution.lv\/lv\/wp-json\/wp\/v2\/product\/6502"}],"collection":[{"href":"https:\/\/amberdistribution.lv\/lv\/wp-json\/wp\/v2\/product"}],"about":[{"href":"https:\/\/amberdistribution.lv\/lv\/wp-json\/wp\/v2\/types\/product"}],"wp:featuredmedia":[{"embeddable":true,"href":"https:\/\/amberdistribution.lv\/lv\/wp-json\/wp\/v2\/media\/6503"}],"wp:attachment":[{"href":"https:\/\/amberdistribution.lv\/lv\/wp-json\/wp\/v2\/media?parent=6502"}],"wp:term":[{"taxonomy":"product_cat","embeddable":true,"href":"https:\/\/amberdistribution.lv\/lv\/wp-json\/wp\/v2\/product_cat?post=6502"},{"taxonomy":"product_tag","embeddable":true,"href":"https:\/\/amberdistribution.lv\/lv\/wp-json\/wp\/v2\/product_tag?post=6502"}],"curies":[{"name":"wp","href":"https:\/\/api.w.org\/{rel}","templated":true}]}}