{"id":6541,"date":"2024-04-19T10:31:27","date_gmt":"2024-04-19T10:31:27","guid":{"rendered":"https:\/\/amberdistribution.lv\/?post_type=product&#038;p=6541"},"modified":"2024-04-19T10:31:28","modified_gmt":"2024-04-19T10:31:28","slug":"maison-perrier-chic-lemonjito","status":"publish","type":"product","link":"https:\/\/amberdistribution.lv\/lv\/product\/maison-perrier-chic-lemonjito\/","title":{"rendered":"Maison Perrier Chic Lemonjito"},"content":{"rendered":"<p>G\u0101z\u0113ts, bezalkoholisks kokteilis, ar citronu sulu no koncentr\u0101ta, ar citronu un piparm\u0113tru arom\u0101tiem, ko iedvesmojis Virgin Mojito.<\/p>\n<p>&nbsp;<\/p>\n","protected":false},"excerpt":{"rendered":"<p>G\u0101z\u0113ts, bezalkoholisks kokteilis, ar citronu sulu no koncentr\u0101ta, ar citronu un piparm\u0113tru arom\u0101tiem, ko iedvesmojis Virgin Mojito. &nbsp;<\/p>\n","protected":false},"featured_media":6545,"template":"","meta":[],"product_cat":[447],"product_tag":[],"acf":[],"_links":{"self":[{"href":"https:\/\/amberdistribution.lv\/lv\/wp-json\/wp\/v2\/product\/6541"}],"collection":[{"href":"https:\/\/amberdistribution.lv\/lv\/wp-json\/wp\/v2\/product"}],"about":[{"href":"https:\/\/amberdistribution.lv\/lv\/wp-json\/wp\/v2\/types\/product"}],"wp:featuredmedia":[{"embeddable":true,"href":"https:\/\/amberdistribution.lv\/lv\/wp-json\/wp\/v2\/media\/6545"}],"wp:attachment":[{"href":"https:\/\/amberdistribution.lv\/lv\/wp-json\/wp\/v2\/media?parent=6541"}],"wp:term":[{"taxonomy":"product_cat","embeddable":true,"href":"https:\/\/amberdistribution.lv\/lv\/wp-json\/wp\/v2\/product_cat?post=6541"},{"taxonomy":"product_tag","embeddable":true,"href":"https:\/\/amberdistribution.lv\/lv\/wp-json\/wp\/v2\/product_tag?post=6541"}],"curies":[{"name":"wp","href":"https:\/\/api.w.org\/{rel}","templated":true}]}}