{"id":6547,"date":"2024-04-19T10:33:20","date_gmt":"2024-04-19T10:33:20","guid":{"rendered":"https:\/\/amberdistribution.lv\/?post_type=product&#038;p=6547"},"modified":"2025-06-18T06:02:26","modified_gmt":"2025-06-18T06:02:26","slug":"maison-perrier-chic-rosellini","status":"publish","type":"product","link":"https:\/\/amberdistribution.lv\/lv\/product\/maison-perrier-chic-rosellini\/","title":{"rendered":"Maison Perrier Chic Rosellini"},"content":{"rendered":"<p>G\u0101z\u0113ts, bezalkoholisks kokteilis, ar persiku sulu no koncentr\u0101ta, ar persiku un ro\u017eu arom\u0101tiem, ko iedvesmojis Virgin Bellini.<\/p>\n<p>&nbsp;<\/p>\n","protected":false},"excerpt":{"rendered":"<p>G\u0101z\u0113ts, bezalkoholisks kokteilis, ar persiku sulu no koncentr\u0101ta, ar persiku un ro\u017eu arom\u0101tiem, ko iedvesmojis Virgin Bellini. &nbsp;<\/p>\n","protected":false},"featured_media":6548,"template":"","meta":[],"product_cat":[447],"product_tag":[],"acf":[],"_links":{"self":[{"href":"https:\/\/amberdistribution.lv\/lv\/wp-json\/wp\/v2\/product\/6547"}],"collection":[{"href":"https:\/\/amberdistribution.lv\/lv\/wp-json\/wp\/v2\/product"}],"about":[{"href":"https:\/\/amberdistribution.lv\/lv\/wp-json\/wp\/v2\/types\/product"}],"wp:featuredmedia":[{"embeddable":true,"href":"https:\/\/amberdistribution.lv\/lv\/wp-json\/wp\/v2\/media\/6548"}],"wp:attachment":[{"href":"https:\/\/amberdistribution.lv\/lv\/wp-json\/wp\/v2\/media?parent=6547"}],"wp:term":[{"taxonomy":"product_cat","embeddable":true,"href":"https:\/\/amberdistribution.lv\/lv\/wp-json\/wp\/v2\/product_cat?post=6547"},{"taxonomy":"product_tag","embeddable":true,"href":"https:\/\/amberdistribution.lv\/lv\/wp-json\/wp\/v2\/product_tag?post=6547"}],"curies":[{"name":"wp","href":"https:\/\/api.w.org\/{rel}","templated":true}]}}