{"id":6551,"date":"2024-04-22T08:17:18","date_gmt":"2024-04-22T08:17:18","guid":{"rendered":"https:\/\/amberdistribution.lv\/?post_type=product&#038;p=6551"},"modified":"2024-09-13T11:30:25","modified_gmt":"2024-09-13T11:30:25","slug":"becksteiner-winzer-spektakular-cuvee-rot-qba","status":"publish","type":"product","link":"https:\/\/amberdistribution.lv\/lv\/product\/becksteiner-winzer-spektakular-cuvee-rot-qba\/","title":{"rendered":"Becksteiner Winzer Spektakular Cuvee rot QbA"},"content":{"rendered":"<p>Sausais sarkanv\u012bns gatavots no Regent v\u012bnog\u0101m, (kas izce\u013cas ar to, ka ir \u013coti iztur\u012bgas pret da\u017e\u0101d\u0101m v\u012bnogu slim\u012bb\u0101m, Regent zin\u0101mas k\u0101 PIWI v\u012bnogu \u0161\u0137irne. L\u012bdz ar to \u0161o v\u012bnogu\u00a0 audz\u0113\u0161ana ir videi \u012bpa\u0161i draudz\u012bga).<\/p>\n<p>\u013boti izteiksm\u012bga sarkana kr\u0101sa, intens\u012bva bu\u0137ete, aug\u013cains un gar\u0161vielains v\u012bns, ar maig\u0101m, noapa\u013cot\u0101m sarkano ogu, tum\u0161o \u0137ir\u0161u un kaze\u0146u not\u012bm, \u0161okol\u0101des, gar\u0161vielu, vani\u013cas nians\u0113m, v\u012bna gar\u0161a ir sp\u0113c\u012bga, bag\u0101t\u012bga ar maigiem, samtainiem tan\u012bniem, ilga pat\u012bkama p\u0113cgar\u0161a ar lieliski sabalans\u0113tiem aug\u013ciem un gar\u0161viel\u0101m.<\/p>\n<p>Lieliski sader\u0113s ar sp\u0113c\u012bgiem un izteiksm\u012bgiem \u0113dieniem- liellopa, c\u016bkas, med\u012bjum, j\u0113ra ga\u013cas \u0113dieniem, iztur\u0113tiem un sp\u0113c\u012bgiem sieriem. Ieteicams pasniegt viegli atdzes\u0113tu l\u012bdz 12-14 \u00b0C.<\/p>\n","protected":false},"excerpt":{"rendered":"<p>Sausais sarkanv\u012bns gatavots no Regent v\u012bnog\u0101m, (kas izce\u013cas ar to, ka ir \u013coti iztur\u012bgas pret da\u017e\u0101d\u0101m v\u012bnogu slim\u012bb\u0101m, Regent zin\u0101mas k\u0101 PIWI v\u012bnogu \u0161\u0137irne. L\u012bdz ar to \u0161o v\u012bnogu\u00a0 audz\u0113\u0161ana...<\/p>\n","protected":false},"featured_media":6941,"template":"","meta":[],"product_cat":[418,433],"product_tag":[],"acf":[],"_links":{"self":[{"href":"https:\/\/amberdistribution.lv\/lv\/wp-json\/wp\/v2\/product\/6551"}],"collection":[{"href":"https:\/\/amberdistribution.lv\/lv\/wp-json\/wp\/v2\/product"}],"about":[{"href":"https:\/\/amberdistribution.lv\/lv\/wp-json\/wp\/v2\/types\/product"}],"wp:featuredmedia":[{"embeddable":true,"href":"https:\/\/amberdistribution.lv\/lv\/wp-json\/wp\/v2\/media\/6941"}],"wp:attachment":[{"href":"https:\/\/amberdistribution.lv\/lv\/wp-json\/wp\/v2\/media?parent=6551"}],"wp:term":[{"taxonomy":"product_cat","embeddable":true,"href":"https:\/\/amberdistribution.lv\/lv\/wp-json\/wp\/v2\/product_cat?post=6551"},{"taxonomy":"product_tag","embeddable":true,"href":"https:\/\/amberdistribution.lv\/lv\/wp-json\/wp\/v2\/product_tag?post=6551"}],"curies":[{"name":"wp","href":"https:\/\/api.w.org\/{rel}","templated":true}]}}