{"id":6554,"date":"2024-04-22T08:21:56","date_gmt":"2024-04-22T08:21:56","guid":{"rendered":"https:\/\/amberdistribution.lv\/?post_type=product&#038;p=6554"},"modified":"2024-04-22T08:23:31","modified_gmt":"2024-04-22T08:23:31","slug":"becksteiner-kilian-schwarzriesling-rose-qba-feinherb","status":"publish","type":"product","link":"https:\/\/amberdistribution.lv\/lv\/product\/becksteiner-kilian-schwarzriesling-rose-qba-feinherb\/","title":{"rendered":"Becksteiner Kilian Schwarzriesling rose QbA feinherb"},"content":{"rendered":"<p>Pussauss roz\u0101 v\u012bns, izteikti svaigs un arom\u0101tisks, gatavots no Meunier v\u012bnog\u0101m, ar valdzino\u0161i ko\u0161u un izteiksm\u012bgu roz\u0101 toni un intens\u012bviem, bag\u0101t\u012bgiem aug\u013cu arom\u0101tiem.\u00a0\u00a0 Lieliski sader\u0113s ar viegliem sal\u0101tiem,\u00a0 maigiem sieriem, fetu, kazas sieru,\u00a0 tap\u0101m, prosciutto, gril\u0113tu lasi, j\u016bras asari, nesaldiem aug\u013cu sal\u0101tiem. Ieteicams pasniegt\u00a0 atdzes\u0113tu l\u012bdz 10-12 \u00b0C<\/p>\n","protected":false},"excerpt":{"rendered":"<p>Pussauss roz\u0101 v\u012bns, izteikti svaigs un arom\u0101tisks, gatavots no Meunier v\u012bnog\u0101m, ar valdzino\u0161i ko\u0161u un izteiksm\u012bgu roz\u0101 toni un intens\u012bviem, bag\u0101t\u012bgiem aug\u013cu arom\u0101tiem.\u00a0\u00a0 Lieliski sader\u0113s ar viegliem sal\u0101tiem,\u00a0 maigiem sieriem,...<\/p>\n","protected":false},"featured_media":6555,"template":"","meta":[],"product_cat":[418,433],"product_tag":[],"acf":[],"_links":{"self":[{"href":"https:\/\/amberdistribution.lv\/lv\/wp-json\/wp\/v2\/product\/6554"}],"collection":[{"href":"https:\/\/amberdistribution.lv\/lv\/wp-json\/wp\/v2\/product"}],"about":[{"href":"https:\/\/amberdistribution.lv\/lv\/wp-json\/wp\/v2\/types\/product"}],"wp:featuredmedia":[{"embeddable":true,"href":"https:\/\/amberdistribution.lv\/lv\/wp-json\/wp\/v2\/media\/6555"}],"wp:attachment":[{"href":"https:\/\/amberdistribution.lv\/lv\/wp-json\/wp\/v2\/media?parent=6554"}],"wp:term":[{"taxonomy":"product_cat","embeddable":true,"href":"https:\/\/amberdistribution.lv\/lv\/wp-json\/wp\/v2\/product_cat?post=6554"},{"taxonomy":"product_tag","embeddable":true,"href":"https:\/\/amberdistribution.lv\/lv\/wp-json\/wp\/v2\/product_tag?post=6554"}],"curies":[{"name":"wp","href":"https:\/\/api.w.org\/{rel}","templated":true}]}}