{"id":6562,"date":"2024-04-24T12:31:21","date_gmt":"2024-04-24T12:31:21","guid":{"rendered":"https:\/\/amberdistribution.lv\/?post_type=product&#038;p=6562"},"modified":"2024-04-24T12:58:50","modified_gmt":"2024-04-24T12:58:50","slug":"torres-blends-collection-honey","status":"publish","type":"product","link":"https:\/\/amberdistribution.lv\/lv\/product\/torres-blends-collection-honey\/","title":{"rendered":"Torres Blends Collection Honey"},"content":{"rendered":"<p>Torres brendijs ar gar\u0161viel\u0101m, kas aromatiz\u0113ts ar medu un nogatavin\u0101ts vec\u0101s ozolkoka muc\u0101s. Unik\u0101ls dz\u0113riens, kas p\u0101rsteidz ar svaigiem un maigiem medus arom\u0101tiem un gar\u0161u, vani\u013cas un \u017e\u0101v\u0113tu aug\u013cu not\u012bm.<\/p>\n","protected":false},"excerpt":{"rendered":"<p>Torres brendijs ar gar\u0161viel\u0101m, kas aromatiz\u0113ts ar medu un nogatavin\u0101ts vec\u0101s ozolkoka muc\u0101s. Unik\u0101ls dz\u0113riens, kas p\u0101rsteidz ar svaigiem un maigiem medus arom\u0101tiem un gar\u0161u, vani\u013cas un \u017e\u0101v\u0113tu aug\u013cu not\u012bm.<\/p>\n","protected":false},"featured_media":6563,"template":"","meta":[],"product_cat":[302,1062],"product_tag":[],"acf":[],"_links":{"self":[{"href":"https:\/\/amberdistribution.lv\/lv\/wp-json\/wp\/v2\/product\/6562"}],"collection":[{"href":"https:\/\/amberdistribution.lv\/lv\/wp-json\/wp\/v2\/product"}],"about":[{"href":"https:\/\/amberdistribution.lv\/lv\/wp-json\/wp\/v2\/types\/product"}],"wp:featuredmedia":[{"embeddable":true,"href":"https:\/\/amberdistribution.lv\/lv\/wp-json\/wp\/v2\/media\/6563"}],"wp:attachment":[{"href":"https:\/\/amberdistribution.lv\/lv\/wp-json\/wp\/v2\/media?parent=6562"}],"wp:term":[{"taxonomy":"product_cat","embeddable":true,"href":"https:\/\/amberdistribution.lv\/lv\/wp-json\/wp\/v2\/product_cat?post=6562"},{"taxonomy":"product_tag","embeddable":true,"href":"https:\/\/amberdistribution.lv\/lv\/wp-json\/wp\/v2\/product_tag?post=6562"}],"curies":[{"name":"wp","href":"https:\/\/api.w.org\/{rel}","templated":true}]}}