{"id":6574,"date":"2024-04-25T12:36:08","date_gmt":"2024-04-25T12:36:08","guid":{"rendered":"https:\/\/amberdistribution.lv\/?post_type=product&#038;p=6574"},"modified":"2024-04-25T12:36:09","modified_gmt":"2024-04-25T12:36:09","slug":"hendricks-grand-cabaret","status":"publish","type":"product","link":"https:\/\/amberdistribution.lv\/lv\/product\/hendricks-grand-cabaret\/","title":{"rendered":"Hendrick\u2019s Grand Cabaret"},"content":{"rendered":"<p>Hendrick\u2019s Grand Cabaret ir ierobe\u017eota daudzuma d\u017eins, kur\u0161 harmonisk\u0101 inf\u016bzij\u0101 sav\u0101 bu\u0137et\u0113 apvieno kauli\u0146aug\u013cu un saldo gar\u0161augu nianses.<\/p>\n<p>Ir lielisks ar toniku un \u0161\u0137\u0113l\u012bti gur\u0137a, vai izm\u0113\u0123iniet ar\u012b GRAND CABARET ROYALE: 30ml Hendrick\u2019s Grand Cabaret, 30ml dz\u0113rve\u0146u sula, 15ml laimu sula, 15ml cukura s\u012brups, dzirksto\u0161ais v\u012bns, 3 gur\u0137a ripi\u0146as. Savieno visas sast\u0101vda\u013cas lejot t\u0101s \u0161ampanie\u0161a gl\u0101z\u0113, papildina ar dzirksto\u0161o v\u012bnu, dekor\u0113 ar gur\u0137a ripi\u0146\u0101m.<\/p>\n","protected":false},"excerpt":{"rendered":"<p>Hendrick\u2019s Grand Cabaret ir ierobe\u017eota daudzuma d\u017eins, kur\u0161 harmonisk\u0101 inf\u016bzij\u0101 sav\u0101 bu\u0137et\u0113 apvieno kauli\u0146aug\u013cu un saldo gar\u0161augu nianses. Ir lielisks ar toniku un \u0161\u0137\u0113l\u012bti gur\u0137a, vai izm\u0113\u0123iniet ar\u012b GRAND CABARET...<\/p>\n","protected":false},"featured_media":6578,"template":"","meta":[],"product_cat":[415],"product_tag":[],"acf":[],"_links":{"self":[{"href":"https:\/\/amberdistribution.lv\/lv\/wp-json\/wp\/v2\/product\/6574"}],"collection":[{"href":"https:\/\/amberdistribution.lv\/lv\/wp-json\/wp\/v2\/product"}],"about":[{"href":"https:\/\/amberdistribution.lv\/lv\/wp-json\/wp\/v2\/types\/product"}],"wp:featuredmedia":[{"embeddable":true,"href":"https:\/\/amberdistribution.lv\/lv\/wp-json\/wp\/v2\/media\/6578"}],"wp:attachment":[{"href":"https:\/\/amberdistribution.lv\/lv\/wp-json\/wp\/v2\/media?parent=6574"}],"wp:term":[{"taxonomy":"product_cat","embeddable":true,"href":"https:\/\/amberdistribution.lv\/lv\/wp-json\/wp\/v2\/product_cat?post=6574"},{"taxonomy":"product_tag","embeddable":true,"href":"https:\/\/amberdistribution.lv\/lv\/wp-json\/wp\/v2\/product_tag?post=6574"}],"curies":[{"name":"wp","href":"https:\/\/api.w.org\/{rel}","templated":true}]}}