{"id":6594,"date":"2024-05-15T09:23:50","date_gmt":"2024-05-15T09:23:50","guid":{"rendered":"https:\/\/amberdistribution.lv\/?post_type=product&#038;p=6594"},"modified":"2025-10-30T13:37:24","modified_gmt":"2025-10-30T13:37:24","slug":"becksteiner-weinhaus-chardonnay-bezalkoholisks-dzirkstosais-vins","status":"publish","type":"product","link":"https:\/\/amberdistribution.lv\/lv\/product\/becksteiner-weinhaus-chardonnay-bezalkoholisks-dzirkstosais-vins\/","title":{"rendered":"Becksteiner Weinhaus Chardonnay bezalkoholisks dzirksto\u0161ais v\u012bns"},"content":{"rendered":"<p>Rakstur\u012bgi svaigi, aug\u013caini arom\u0101ti ar izteiksm\u012bg\u0101m citrusu un za\u013co \u0101bolu not\u012bm. Lieliski papildin\u0101s vieglus starterus, j\u016bras veltes, sal\u0101tus. Ieteicams pasniegt atdzes\u0113tu l\u012bdz 6-8 \u00b0C.<\/p>\n","protected":false},"excerpt":{"rendered":"<p>Rakstur\u012bgi svaigi, aug\u013caini arom\u0101ti ar izteiksm\u012bg\u0101m citrusu un za\u013co \u0101bolu not\u012bm. Lieliski papildin\u0101s vieglus starterus, j\u016bras veltes, sal\u0101tus. Ieteicams pasniegt atdzes\u0113tu l\u012bdz 6-8 \u00b0C.<\/p>\n","protected":false},"featured_media":7250,"template":"","meta":[],"product_cat":[1195],"product_tag":[],"acf":[],"_links":{"self":[{"href":"https:\/\/amberdistribution.lv\/lv\/wp-json\/wp\/v2\/product\/6594"}],"collection":[{"href":"https:\/\/amberdistribution.lv\/lv\/wp-json\/wp\/v2\/product"}],"about":[{"href":"https:\/\/amberdistribution.lv\/lv\/wp-json\/wp\/v2\/types\/product"}],"wp:featuredmedia":[{"embeddable":true,"href":"https:\/\/amberdistribution.lv\/lv\/wp-json\/wp\/v2\/media\/7250"}],"wp:attachment":[{"href":"https:\/\/amberdistribution.lv\/lv\/wp-json\/wp\/v2\/media?parent=6594"}],"wp:term":[{"taxonomy":"product_cat","embeddable":true,"href":"https:\/\/amberdistribution.lv\/lv\/wp-json\/wp\/v2\/product_cat?post=6594"},{"taxonomy":"product_tag","embeddable":true,"href":"https:\/\/amberdistribution.lv\/lv\/wp-json\/wp\/v2\/product_tag?post=6594"}],"curies":[{"name":"wp","href":"https:\/\/api.w.org\/{rel}","templated":true}]}}