{"id":6647,"date":"2024-05-24T11:23:47","date_gmt":"2024-05-24T11:23:47","guid":{"rendered":"https:\/\/amberdistribution.lv\/?post_type=product&#038;p=6647"},"modified":"2024-05-24T11:23:49","modified_gmt":"2024-05-24T11:23:49","slug":"chateau-la-variere-rose-danjou-aoc","status":"publish","type":"product","link":"https:\/\/amberdistribution.lv\/lv\/product\/chateau-la-variere-rose-danjou-aoc\/","title":{"rendered":"Chateau La Variere Rose D'Anjou AOC"},"content":{"rendered":"<p>Pussauss roz\u0101 v\u012bns no Lu\u0101ras re\u0123iona Francij\u0101. Arom\u0101t\u0101 izteiktas ziedu, sarkano aug\u013cu un miner\u0101lu notis. Gar\u0161\u0101 v\u012bns ir aug\u013cains un labi sabalans\u0113ts. Lieliski sader\u0113s ar sal\u0101tiem, uzkod\u0101m, \u0100zijas virtuvi, aug\u013cu desertiem. Ieteicam\u0101 pasnieg\u0161anas temperat\u016bra: 8-10 \u00b0C.<\/p>\n","protected":false},"excerpt":{"rendered":"<p>Pussauss roz\u0101 v\u012bns no Lu\u0101ras re\u0123iona Francij\u0101. Arom\u0101t\u0101 izteiktas ziedu, sarkano aug\u013cu un miner\u0101lu notis. Gar\u0161\u0101 v\u012bns ir aug\u013cains un labi sabalans\u0113ts. Lieliski sader\u0113s ar sal\u0101tiem, uzkod\u0101m, \u0100zijas virtuvi, aug\u013cu...<\/p>\n","protected":false},"featured_media":6648,"template":"","meta":[],"product_cat":[418,419],"product_tag":[],"acf":[],"_links":{"self":[{"href":"https:\/\/amberdistribution.lv\/lv\/wp-json\/wp\/v2\/product\/6647"}],"collection":[{"href":"https:\/\/amberdistribution.lv\/lv\/wp-json\/wp\/v2\/product"}],"about":[{"href":"https:\/\/amberdistribution.lv\/lv\/wp-json\/wp\/v2\/types\/product"}],"wp:featuredmedia":[{"embeddable":true,"href":"https:\/\/amberdistribution.lv\/lv\/wp-json\/wp\/v2\/media\/6648"}],"wp:attachment":[{"href":"https:\/\/amberdistribution.lv\/lv\/wp-json\/wp\/v2\/media?parent=6647"}],"wp:term":[{"taxonomy":"product_cat","embeddable":true,"href":"https:\/\/amberdistribution.lv\/lv\/wp-json\/wp\/v2\/product_cat?post=6647"},{"taxonomy":"product_tag","embeddable":true,"href":"https:\/\/amberdistribution.lv\/lv\/wp-json\/wp\/v2\/product_tag?post=6647"}],"curies":[{"name":"wp","href":"https:\/\/api.w.org\/{rel}","templated":true}]}}