{"id":6653,"date":"2024-05-28T05:53:25","date_gmt":"2024-05-28T05:53:25","guid":{"rendered":"https:\/\/amberdistribution.lv\/?post_type=product&#038;p=6653"},"modified":"2024-05-28T05:53:28","modified_gmt":"2024-05-28T05:53:28","slug":"torres-10-bourbon-barrel","status":"publish","type":"product","link":"https:\/\/amberdistribution.lv\/lv\/product\/torres-10-bourbon-barrel\/","title":{"rendered":"Torres 10 Bourbon Barrel"},"content":{"rendered":"<p>Torres 10 Bourbon Barrel atspogu\u013co Juan Torres brendija gatavo\u0161anas trad\u012bcijas kop\u0161 1928. gada no lab\u0101kaj\u0101m Penedes re\u0123iona v\u012bnog\u0101m apvienojum\u0101 ar sildo\u0161\u0101m, salden\u0101m un kr\u0113m\u012bg\u0101m not\u012bm, ko brendijam sniedz iztur\u0113\u0161ana burbona muc\u0101s. Izturot brendiju Amerikas ozolkoka muc\u0101s, tas ieguvis bag\u0101t\u012bgas kokosriekstu un vani\u013cas notis, kas izce\u013c t\u0101 eleganci un sniedz pat\u012bkamu, noapa\u013cotu p\u0113cgar\u0161u.<\/p>\n","protected":false},"excerpt":{"rendered":"<p>Torres 10 Bourbon Barrel atspogu\u013co Juan Torres brendija gatavo\u0161anas trad\u012bcijas kop\u0161 1928. gada no lab\u0101kaj\u0101m Penedes re\u0123iona v\u012bnog\u0101m apvienojum\u0101 ar sildo\u0161\u0101m, salden\u0101m un kr\u0113m\u012bg\u0101m not\u012bm, ko brendijam sniedz iztur\u0113\u0161ana burbona...<\/p>\n","protected":false},"featured_media":6654,"template":"","meta":[],"product_cat":[302,1062],"product_tag":[],"acf":[],"_links":{"self":[{"href":"https:\/\/amberdistribution.lv\/lv\/wp-json\/wp\/v2\/product\/6653"}],"collection":[{"href":"https:\/\/amberdistribution.lv\/lv\/wp-json\/wp\/v2\/product"}],"about":[{"href":"https:\/\/amberdistribution.lv\/lv\/wp-json\/wp\/v2\/types\/product"}],"wp:featuredmedia":[{"embeddable":true,"href":"https:\/\/amberdistribution.lv\/lv\/wp-json\/wp\/v2\/media\/6654"}],"wp:attachment":[{"href":"https:\/\/amberdistribution.lv\/lv\/wp-json\/wp\/v2\/media?parent=6653"}],"wp:term":[{"taxonomy":"product_cat","embeddable":true,"href":"https:\/\/amberdistribution.lv\/lv\/wp-json\/wp\/v2\/product_cat?post=6653"},{"taxonomy":"product_tag","embeddable":true,"href":"https:\/\/amberdistribution.lv\/lv\/wp-json\/wp\/v2\/product_tag?post=6653"}],"curies":[{"name":"wp","href":"https:\/\/api.w.org\/{rel}","templated":true}]}}