{"id":6664,"date":"2024-05-28T06:38:47","date_gmt":"2024-05-28T06:38:47","guid":{"rendered":"https:\/\/amberdistribution.lv\/?post_type=product&#038;p=6664"},"modified":"2024-05-28T06:38:49","modified_gmt":"2024-05-28T06:38:49","slug":"grants-tropical-fiesta","status":"publish","type":"product","link":"https:\/\/amberdistribution.lv\/lv\/product\/grants-tropical-fiesta\/","title":{"rendered":"Grant's Tropical Fiesta"},"content":{"rendered":"<p>Jauktais skotu viskijs ar tropisku mango un anan\u0101su gar\u0161u sajaukumu. Ieteicams baud\u012bt ar limon\u0101di.<\/p>\n","protected":false},"excerpt":{"rendered":"<p>Jauktais skotu viskijs ar tropisku mango un anan\u0101su gar\u0161u sajaukumu. Ieteicams baud\u012bt ar limon\u0101di.<\/p>\n","protected":false},"featured_media":6665,"template":"","meta":[],"product_cat":[26,297],"product_tag":[],"acf":[],"_links":{"self":[{"href":"https:\/\/amberdistribution.lv\/lv\/wp-json\/wp\/v2\/product\/6664"}],"collection":[{"href":"https:\/\/amberdistribution.lv\/lv\/wp-json\/wp\/v2\/product"}],"about":[{"href":"https:\/\/amberdistribution.lv\/lv\/wp-json\/wp\/v2\/types\/product"}],"wp:featuredmedia":[{"embeddable":true,"href":"https:\/\/amberdistribution.lv\/lv\/wp-json\/wp\/v2\/media\/6665"}],"wp:attachment":[{"href":"https:\/\/amberdistribution.lv\/lv\/wp-json\/wp\/v2\/media?parent=6664"}],"wp:term":[{"taxonomy":"product_cat","embeddable":true,"href":"https:\/\/amberdistribution.lv\/lv\/wp-json\/wp\/v2\/product_cat?post=6664"},{"taxonomy":"product_tag","embeddable":true,"href":"https:\/\/amberdistribution.lv\/lv\/wp-json\/wp\/v2\/product_tag?post=6664"}],"curies":[{"name":"wp","href":"https:\/\/api.w.org\/{rel}","templated":true}]}}