{"id":6706,"date":"2024-06-12T08:20:07","date_gmt":"2024-06-12T08:20:07","guid":{"rendered":"https:\/\/amberdistribution.lv\/?post_type=product&#038;p=6706"},"modified":"2024-08-15T14:17:11","modified_gmt":"2024-08-15T14:17:11","slug":"maison-louis-girard-chablis","status":"publish","type":"product","link":"https:\/\/amberdistribution.lv\/lv\/product\/maison-louis-girard-chablis\/","title":{"rendered":"Maison Louis Girard Chablis"},"content":{"rendered":"<p>Sauss baltv\u012bns no Chardonnay v\u012bnog\u0101m no Francijas Burgundijas re\u0123iona. Dzidra zelta kr\u0101sa un intens\u012bvs, izsmalcin\u0101ts gatavo aug\u013cu arom\u0101ts - bumbieri un pl\u016bmes. Gar\u0161\u0101 atsvaidzino\u0161a mineralit\u0101te ar viegla piparu p\u0113cgar\u0161a, izcils sabalans\u0113ts baltv\u012bns ar ilgsto\u0161u p\u0113cgar\u0161u. Ieteicams pasniegt 14 -15 gr\u0101du temperat\u016br\u0101 kop\u0101 ar zivju \u0113dieniem, j\u016bras velt\u0113m vai c\u016bkga\u013cu, saut\u0113jumu.<\/p>\n","protected":false},"excerpt":{"rendered":"<p>Sauss baltv\u012bns no Chardonnay v\u012bnog\u0101m no Francijas Burgundijas re\u0123iona. Dzidra zelta kr\u0101sa un intens\u012bvs, izsmalcin\u0101ts gatavo aug\u013cu arom\u0101ts - bumbieri un pl\u016bmes. Gar\u0161\u0101 atsvaidzino\u0161a mineralit\u0101te ar viegla piparu p\u0113cgar\u0161a, izcils...<\/p>\n","protected":false},"featured_media":6892,"template":"","meta":[],"product_cat":[418,419],"product_tag":[],"acf":[],"_links":{"self":[{"href":"https:\/\/amberdistribution.lv\/lv\/wp-json\/wp\/v2\/product\/6706"}],"collection":[{"href":"https:\/\/amberdistribution.lv\/lv\/wp-json\/wp\/v2\/product"}],"about":[{"href":"https:\/\/amberdistribution.lv\/lv\/wp-json\/wp\/v2\/types\/product"}],"wp:featuredmedia":[{"embeddable":true,"href":"https:\/\/amberdistribution.lv\/lv\/wp-json\/wp\/v2\/media\/6892"}],"wp:attachment":[{"href":"https:\/\/amberdistribution.lv\/lv\/wp-json\/wp\/v2\/media?parent=6706"}],"wp:term":[{"taxonomy":"product_cat","embeddable":true,"href":"https:\/\/amberdistribution.lv\/lv\/wp-json\/wp\/v2\/product_cat?post=6706"},{"taxonomy":"product_tag","embeddable":true,"href":"https:\/\/amberdistribution.lv\/lv\/wp-json\/wp\/v2\/product_tag?post=6706"}],"curies":[{"name":"wp","href":"https:\/\/api.w.org\/{rel}","templated":true}]}}