{"id":6709,"date":"2024-06-12T08:22:45","date_gmt":"2024-06-12T08:22:45","guid":{"rendered":"https:\/\/amberdistribution.lv\/?post_type=product&#038;p=6709"},"modified":"2024-08-16T09:36:41","modified_gmt":"2024-08-16T09:36:41","slug":"maison-louis-girard-bourgogne-aoc-pinot-noir","status":"publish","type":"product","link":"https:\/\/amberdistribution.lv\/lv\/product\/maison-louis-girard-bourgogne-aoc-pinot-noir\/","title":{"rendered":"Maison Louis Girard Bourgogne AOC Pinot Noir"},"content":{"rendered":"<p>Sauss sarkanv\u012bns no Pinot Noir v\u012bnogas no Bourgogne AOC re\u0123iona Francij\u0101. Pies\u0101tin\u0101ti tum\u0161i sarkan\u0101s kr\u0101sas v\u012bns, arom\u0101t\u0101 izce\u013cas sarkan\u0101s ogas un upenes, ro\u017eu lapas un vieglas gar\u0161vielas gar\u0161\u0101. Tan\u012bni noapa\u013coti un maigi. Ieteicams pasniegt 15 -17 gr\u0101du temperat\u016br\u0101 kop\u0101 ar grill\u0113tiem d\u0101rze\u0146iem, j\u0113ra ga\u013cas \u0113dieniem vai cietajiem sieriem.<\/p>\n","protected":false},"excerpt":{"rendered":"<p>Sauss sarkanv\u012bns no Pinot Noir v\u012bnogas no Bourgogne AOC re\u0123iona Francij\u0101. Pies\u0101tin\u0101ti tum\u0161i sarkan\u0101s kr\u0101sas v\u012bns, arom\u0101t\u0101 izce\u013cas sarkan\u0101s ogas un upenes, ro\u017eu lapas un vieglas gar\u0161vielas gar\u0161\u0101. Tan\u012bni noapa\u013coti...<\/p>\n","protected":false},"featured_media":6898,"template":"","meta":[],"product_cat":[418,419],"product_tag":[],"acf":[],"_links":{"self":[{"href":"https:\/\/amberdistribution.lv\/lv\/wp-json\/wp\/v2\/product\/6709"}],"collection":[{"href":"https:\/\/amberdistribution.lv\/lv\/wp-json\/wp\/v2\/product"}],"about":[{"href":"https:\/\/amberdistribution.lv\/lv\/wp-json\/wp\/v2\/types\/product"}],"wp:featuredmedia":[{"embeddable":true,"href":"https:\/\/amberdistribution.lv\/lv\/wp-json\/wp\/v2\/media\/6898"}],"wp:attachment":[{"href":"https:\/\/amberdistribution.lv\/lv\/wp-json\/wp\/v2\/media?parent=6709"}],"wp:term":[{"taxonomy":"product_cat","embeddable":true,"href":"https:\/\/amberdistribution.lv\/lv\/wp-json\/wp\/v2\/product_cat?post=6709"},{"taxonomy":"product_tag","embeddable":true,"href":"https:\/\/amberdistribution.lv\/lv\/wp-json\/wp\/v2\/product_tag?post=6709"}],"curies":[{"name":"wp","href":"https:\/\/api.w.org\/{rel}","templated":true}]}}