{"id":6715,"date":"2024-06-19T10:18:19","date_gmt":"2024-06-19T10:18:19","guid":{"rendered":"https:\/\/amberdistribution.lv\/?post_type=product&#038;p=6715"},"modified":"2024-06-19T10:18:20","modified_gmt":"2024-06-19T10:18:20","slug":"stoli-raspberry","status":"publish","type":"product","link":"https:\/\/amberdistribution.lv\/lv\/product\/stoli-raspberry\/","title":{"rendered":"Stoli Raspberry"},"content":{"rendered":"<p>Stoli Raspberry degv\u012bns ir m\u0113li kutino\u0161s, gatavu ave\u0146u un pikantu citrusaug\u013cu nokr\u0101su mais\u012bjums. Katrs malks ir piepild\u012bts ar dabisku saldumu un aizved\u012bs vasar\u012bg\u0101 gar\u0161u ce\u013cojum\u0101.<\/p>\n<p>R\u016bp\u012bgi izstr\u0101d\u0101tais degv\u012bns ir izgatavots no graudiem, tr\u012bs reizes filtr\u0113ts caur kvarca smilt\u012bm un b\u0113rza aktiv\u0113t\u0101s ogles filtru, lai nodro\u0161in\u0101tu t\u0101 izcilo kvalit\u0101ti un nep\u0101rsp\u0113jamu gludumu. Stoli ir ieguvis vair\u0101k nek\u0101 100 balvas vis\u0101 pasaul\u0113.<\/p>\n","protected":false},"excerpt":{"rendered":"<p>Stoli Raspberry degv\u012bns ir m\u0113li kutino\u0161s, gatavu ave\u0146u un pikantu citrusaug\u013cu nokr\u0101su mais\u012bjums. Katrs malks ir piepild\u012bts ar dabisku saldumu un aizved\u012bs vasar\u012bg\u0101 gar\u0161u ce\u013cojum\u0101. R\u016bp\u012bgi izstr\u0101d\u0101tais degv\u012bns ir izgatavots...<\/p>\n","protected":false},"featured_media":6716,"template":"","meta":[],"product_cat":[25],"product_tag":[],"acf":[],"_links":{"self":[{"href":"https:\/\/amberdistribution.lv\/lv\/wp-json\/wp\/v2\/product\/6715"}],"collection":[{"href":"https:\/\/amberdistribution.lv\/lv\/wp-json\/wp\/v2\/product"}],"about":[{"href":"https:\/\/amberdistribution.lv\/lv\/wp-json\/wp\/v2\/types\/product"}],"wp:featuredmedia":[{"embeddable":true,"href":"https:\/\/amberdistribution.lv\/lv\/wp-json\/wp\/v2\/media\/6716"}],"wp:attachment":[{"href":"https:\/\/amberdistribution.lv\/lv\/wp-json\/wp\/v2\/media?parent=6715"}],"wp:term":[{"taxonomy":"product_cat","embeddable":true,"href":"https:\/\/amberdistribution.lv\/lv\/wp-json\/wp\/v2\/product_cat?post=6715"},{"taxonomy":"product_tag","embeddable":true,"href":"https:\/\/amberdistribution.lv\/lv\/wp-json\/wp\/v2\/product_tag?post=6715"}],"curies":[{"name":"wp","href":"https:\/\/api.w.org\/{rel}","templated":true}]}}