{"id":675,"date":"2022-03-17T12:06:49","date_gmt":"2022-03-17T12:06:49","guid":{"rendered":"https:\/\/amberdistribution.lv\/?post_type=product&#038;p=675"},"modified":"2023-09-05T13:03:14","modified_gmt":"2023-09-05T13:03:14","slug":"rigas-melnais-balzams-suvenirkaste-ar-2-glazem","status":"publish","type":"product","link":"https:\/\/amberdistribution.lv\/lv\/product\/rigas-melnais-balzams-suvenirkaste-ar-2-glazem\/","title":{"rendered":"R\u012bgas Melnais Balzams suven\u012brkast\u0113 ar 2 gl\u0101z\u0113m"},"content":{"rendered":"<p>R\u012bgas Melnais Balzams \u2013 aptiek\u0101ra Abrahama Kunces izlolotais eliks\u012brs no sak\u0146u, lapu, ziedu un pumpuru uzl\u0113jumiem rad\u012bts R\u012bg\u0101 XVIII gadsimta vid\u016b. Divdesmit \u010detras dabas veltes R\u012bgas Meln\u0101 Balzama sast\u0101v\u0101 veido unik\u0101lu gar\u0161as bu\u0137eti, kur\u0101 liepziedu maigums savijies ar b\u0113rza pumpuru r\u016bgtenumu, bet ave\u0146u un melle\u0146u saldumu papildina ingvera un muskatrieksta pikantie to\u0146i. Gadiem ritot, R\u012bgas Meln\u0101 Balzama izcil\u0101s \u012bpa\u0161\u012bbas augstu nov\u0113rt\u0113tas pasaul\u0113, dzintaraini tum\u0161ais eliks\u012brs sa\u0146\u0113mis vair\u0101k nek\u0101 50 apbalvojumu starptautisk\u0101s izst\u0101d\u0113s.<\/p>\n","protected":false},"excerpt":{"rendered":"<p>R\u012bgas Melnais Balzams \u2013 aptiek\u0101ra Abrahama Kunces izlolotais eliks\u012brs no sak\u0146u, lapu, ziedu un pumpuru uzl\u0113jumiem rad\u012bts R\u012bg\u0101 XVIII gadsimta vid\u016b. Divdesmit \u010detras dabas veltes R\u012bgas Meln\u0101 Balzama sast\u0101v\u0101 veido...<\/p>\n","protected":false},"featured_media":5957,"template":"","meta":[],"product_cat":[24],"product_tag":[473,472,490],"acf":[],"_links":{"self":[{"href":"https:\/\/amberdistribution.lv\/lv\/wp-json\/wp\/v2\/product\/675"}],"collection":[{"href":"https:\/\/amberdistribution.lv\/lv\/wp-json\/wp\/v2\/product"}],"about":[{"href":"https:\/\/amberdistribution.lv\/lv\/wp-json\/wp\/v2\/types\/product"}],"wp:featuredmedia":[{"embeddable":true,"href":"https:\/\/amberdistribution.lv\/lv\/wp-json\/wp\/v2\/media\/5957"}],"wp:attachment":[{"href":"https:\/\/amberdistribution.lv\/lv\/wp-json\/wp\/v2\/media?parent=675"}],"wp:term":[{"taxonomy":"product_cat","embeddable":true,"href":"https:\/\/amberdistribution.lv\/lv\/wp-json\/wp\/v2\/product_cat?post=675"},{"taxonomy":"product_tag","embeddable":true,"href":"https:\/\/amberdistribution.lv\/lv\/wp-json\/wp\/v2\/product_tag?post=675"}],"curies":[{"name":"wp","href":"https:\/\/api.w.org\/{rel}","templated":true}]}}