{"id":6761,"date":"2024-06-26T11:04:18","date_gmt":"2024-06-26T11:04:18","guid":{"rendered":"https:\/\/amberdistribution.lv\/?post_type=product&#038;p=6761"},"modified":"2024-09-13T10:45:48","modified_gmt":"2024-09-13T10:45:48","slug":"bonaparte-black","status":"publish","type":"product","link":"https:\/\/amberdistribution.lv\/lv\/product\/bonaparte-black\/","title":{"rendered":"Bonaparte Black"},"content":{"rendered":"<p>Izcili sabalans\u0113tas d\u016bmu un tum\u0161\u0101s \u0161okol\u0101des gar\u0161as nianses, kuras papildina sald\u0101 vani\u013ca un viegla pl\u016bmju gar\u0161a. Izteiksm\u012bga, brendijam rakstur\u012bg\u0101 p\u0113cgar\u0161a.<\/p>\n","protected":false},"excerpt":{"rendered":"<p>Izcili sabalans\u0113tas d\u016bmu un tum\u0161\u0101s \u0161okol\u0101des gar\u0161as nianses, kuras papildina sald\u0101 vani\u013ca un viegla pl\u016bmju gar\u0161a. Izteiksm\u012bga, brendijam rakstur\u012bg\u0101 p\u0113cgar\u0161a.<\/p>\n","protected":false},"featured_media":6762,"template":"","meta":[],"product_cat":[1065,302],"product_tag":[],"acf":[],"_links":{"self":[{"href":"https:\/\/amberdistribution.lv\/lv\/wp-json\/wp\/v2\/product\/6761"}],"collection":[{"href":"https:\/\/amberdistribution.lv\/lv\/wp-json\/wp\/v2\/product"}],"about":[{"href":"https:\/\/amberdistribution.lv\/lv\/wp-json\/wp\/v2\/types\/product"}],"wp:featuredmedia":[{"embeddable":true,"href":"https:\/\/amberdistribution.lv\/lv\/wp-json\/wp\/v2\/media\/6762"}],"wp:attachment":[{"href":"https:\/\/amberdistribution.lv\/lv\/wp-json\/wp\/v2\/media?parent=6761"}],"wp:term":[{"taxonomy":"product_cat","embeddable":true,"href":"https:\/\/amberdistribution.lv\/lv\/wp-json\/wp\/v2\/product_cat?post=6761"},{"taxonomy":"product_tag","embeddable":true,"href":"https:\/\/amberdistribution.lv\/lv\/wp-json\/wp\/v2\/product_tag?post=6761"}],"curies":[{"name":"wp","href":"https:\/\/api.w.org\/{rel}","templated":true}]}}