{"id":6839,"date":"2024-07-24T12:36:58","date_gmt":"2024-07-24T12:36:58","guid":{"rendered":"https:\/\/amberdistribution.lv\/?post_type=product&#038;p=6839"},"modified":"2024-07-24T12:36:59","modified_gmt":"2024-07-24T12:36:59","slug":"rooster-rojo-mezcal","status":"publish","type":"product","link":"https:\/\/amberdistribution.lv\/lv\/product\/rooster-rojo-mezcal\/","title":{"rendered":"Rooster Rojo Mezcal"},"content":{"rendered":"<p>Rooster Rojo Mezcal ir t\u012brs, tradicion\u0101li ar rok\u0101m gatavots Meskals no Oahakas. \u0160is autentiskais meksik\u0101\u0146u dz\u0113riens tiek rad\u012bts nelielaj\u0101 Lopes Sosa Palenque spirta r\u016bpn\u012bc\u0101 Oahak\u0101, Meksik\u0101. \u0160is ir tradicion\u0101ls produkts ar m\u016bsdien\u012bgu izskatu un pastiprina visas lab\u0101k\u0101s Mezcal \u012bpa\u0161\u012bbas.<\/p>\n","protected":false},"excerpt":{"rendered":"<p>Rooster Rojo Mezcal ir t\u012brs, tradicion\u0101li ar rok\u0101m gatavots Meskals no Oahakas. \u0160is autentiskais meksik\u0101\u0146u dz\u0113riens tiek rad\u012bts nelielaj\u0101 Lopes Sosa Palenque spirta r\u016bpn\u012bc\u0101 Oahak\u0101, Meksik\u0101. \u0160is ir tradicion\u0101ls produkts...<\/p>\n","protected":false},"featured_media":6840,"template":"","meta":[],"product_cat":[413],"product_tag":[],"acf":[],"_links":{"self":[{"href":"https:\/\/amberdistribution.lv\/lv\/wp-json\/wp\/v2\/product\/6839"}],"collection":[{"href":"https:\/\/amberdistribution.lv\/lv\/wp-json\/wp\/v2\/product"}],"about":[{"href":"https:\/\/amberdistribution.lv\/lv\/wp-json\/wp\/v2\/types\/product"}],"wp:featuredmedia":[{"embeddable":true,"href":"https:\/\/amberdistribution.lv\/lv\/wp-json\/wp\/v2\/media\/6840"}],"wp:attachment":[{"href":"https:\/\/amberdistribution.lv\/lv\/wp-json\/wp\/v2\/media?parent=6839"}],"wp:term":[{"taxonomy":"product_cat","embeddable":true,"href":"https:\/\/amberdistribution.lv\/lv\/wp-json\/wp\/v2\/product_cat?post=6839"},{"taxonomy":"product_tag","embeddable":true,"href":"https:\/\/amberdistribution.lv\/lv\/wp-json\/wp\/v2\/product_tag?post=6839"}],"curies":[{"name":"wp","href":"https:\/\/api.w.org\/{rel}","templated":true}]}}