{"id":6845,"date":"2024-08-09T07:16:35","date_gmt":"2024-08-09T07:16:35","guid":{"rendered":"https:\/\/amberdistribution.lv\/?post_type=product&#038;p=6845"},"modified":"2025-10-30T13:20:41","modified_gmt":"2025-10-30T13:20:41","slug":"heaphy-riesling-nelson","status":"publish","type":"product","link":"https:\/\/amberdistribution.lv\/lv\/product\/heaphy-riesling-nelson\/","title":{"rendered":"Heaphy Riesling - Nelson"},"content":{"rendered":"<p>Sauss baltv\u012bns no Nelson- Tasman re\u0123iona Jaunz\u0113landes dienvidu sal\u0101. Riesling v\u012bnogas no Heaphy v\u012bna dar\u012btavas augu\u0161as augstu virs Tasm\u0101nijas l\u012b\u010da\u00a0 Moutere kalnos,\u00a0 vienos no vec\u0101kajiem v\u012bnogul\u0101jiem Jaunz\u0113land\u0113. Neap\u016bde\u0146oto v\u012bnogul\u0101ju vecums vismaz 30 gadi. Rakstur\u012bgi ingvera, kardamona, un jasm\u012bna arom\u0101ti ar apriko\u017eu un persiku not\u012bm, bag\u0101t\u012bga un svaiga laima un sarkano \u0101bolu gar\u0161a. Ekspres\u012bvs v\u012bns ar augstu sk\u0101buma l\u012bmeni un pat\u012bkamu mineralit\u0101ti. Cukurs 9g\/L. Lieliski sader\u0113s ar j\u016bras velt\u0113m, cept\u0101m ziv\u012bm, taizemie\u0161u un indie\u0161u virtuves \u0113dieniem, vistas sp\u0101rni\u0146iem ar zil\u0101 siera m\u0113rci.<\/p>\n","protected":false},"excerpt":{"rendered":"<p>Sauss baltv\u012bns no Nelson- Tasman re\u0123iona Jaunz\u0113landes dienvidu sal\u0101. Riesling v\u012bnogas no Heaphy v\u012bna dar\u012btavas augu\u0161as augstu virs Tasm\u0101nijas l\u012b\u010da\u00a0 Moutere kalnos,\u00a0 vienos no vec\u0101kajiem v\u012bnogul\u0101jiem Jaunz\u0113land\u0113. Neap\u016bde\u0146oto v\u012bnogul\u0101ju vecums...<\/p>\n","protected":false},"featured_media":7240,"template":"","meta":[],"product_cat":[418,429],"product_tag":[],"acf":[],"_links":{"self":[{"href":"https:\/\/amberdistribution.lv\/lv\/wp-json\/wp\/v2\/product\/6845"}],"collection":[{"href":"https:\/\/amberdistribution.lv\/lv\/wp-json\/wp\/v2\/product"}],"about":[{"href":"https:\/\/amberdistribution.lv\/lv\/wp-json\/wp\/v2\/types\/product"}],"wp:featuredmedia":[{"embeddable":true,"href":"https:\/\/amberdistribution.lv\/lv\/wp-json\/wp\/v2\/media\/7240"}],"wp:attachment":[{"href":"https:\/\/amberdistribution.lv\/lv\/wp-json\/wp\/v2\/media?parent=6845"}],"wp:term":[{"taxonomy":"product_cat","embeddable":true,"href":"https:\/\/amberdistribution.lv\/lv\/wp-json\/wp\/v2\/product_cat?post=6845"},{"taxonomy":"product_tag","embeddable":true,"href":"https:\/\/amberdistribution.lv\/lv\/wp-json\/wp\/v2\/product_tag?post=6845"}],"curies":[{"name":"wp","href":"https:\/\/api.w.org\/{rel}","templated":true}]}}