{"id":6848,"date":"2024-08-09T07:19:44","date_gmt":"2024-08-09T07:19:44","guid":{"rendered":"https:\/\/amberdistribution.lv\/?post_type=product&#038;p=6848"},"modified":"2025-10-30T15:01:49","modified_gmt":"2025-10-30T15:01:49","slug":"heaphy-sauvignon-blanc-nelson","status":"publish","type":"product","link":"https:\/\/amberdistribution.lv\/lv\/product\/heaphy-sauvignon-blanc-nelson\/","title":{"rendered":"Heaphy Sauvignon Blanc - Nelson"},"content":{"rendered":"<p>Sauss baltv\u012bns no Nelson- Tasman re\u0123iona Jaunz\u0113landes dienvidu sal\u0101. Sauvignon Blanc \u00a0v\u012bnogas no Heaphy v\u012bna dar\u012btavas augu\u0161as pie Tasm\u0101nijas l\u012b\u010da, \u00a0Moutere kalnos un Vaimea l\u012bdzenumos. Rakstur\u012bgi\u00a0 laima, roz\u0101 greipfr\u016btu, j\u016bras v\u0113ja, j\u016bras z\u0101\u013cu un sal\u012bnie arom\u0101ti,\u00a0 gar\u0161\u0101 bag\u0101t\u012bgas\u00a0 za\u013co un sarkano \u0101bolu notis, sal\u012bna un \u013coti svaiga p\u0113cgar\u0161a. Atsvaidzino\u0161s v\u012bns ar augstu mineralit\u0101ti rada asoci\u0101ciju ar v\u0113jainu dienu saulain\u0101 pludmal\u0113. Cukurs 3g\/L. \u013boti sauss un ekspres\u012bvs v\u012bns. \u00a0Lieliski sader\u0113s ar sviest\u0101 apcept\u0101m j\u016bras \u0137emm\u012bt\u0113m, garnel\u0113m ar \u010dili, krabjiem, j\u016bras velt\u0113m, spar\u0123e\u013ciem,\u00a0 kazas sieru un citiem pusm\u012bkstiem sieriem, ceptu sarkano piparu sal\u0101tiem. International Wine Challenge 2024 v\u012bns nov\u0113rt\u0113ts ar zelta meda\u013cu.<\/p>\n","protected":false},"excerpt":{"rendered":"<p>Sauss baltv\u012bns no Nelson- Tasman re\u0123iona Jaunz\u0113landes dienvidu sal\u0101. Sauvignon Blanc \u00a0v\u012bnogas no Heaphy v\u012bna dar\u012btavas augu\u0161as pie Tasm\u0101nijas l\u012b\u010da, \u00a0Moutere kalnos un Vaimea l\u012bdzenumos. Rakstur\u012bgi\u00a0 laima, roz\u0101 greipfr\u016btu, j\u016bras...<\/p>\n","protected":false},"featured_media":7282,"template":"","meta":[],"product_cat":[418,429],"product_tag":[],"acf":[],"_links":{"self":[{"href":"https:\/\/amberdistribution.lv\/lv\/wp-json\/wp\/v2\/product\/6848"}],"collection":[{"href":"https:\/\/amberdistribution.lv\/lv\/wp-json\/wp\/v2\/product"}],"about":[{"href":"https:\/\/amberdistribution.lv\/lv\/wp-json\/wp\/v2\/types\/product"}],"wp:featuredmedia":[{"embeddable":true,"href":"https:\/\/amberdistribution.lv\/lv\/wp-json\/wp\/v2\/media\/7282"}],"wp:attachment":[{"href":"https:\/\/amberdistribution.lv\/lv\/wp-json\/wp\/v2\/media?parent=6848"}],"wp:term":[{"taxonomy":"product_cat","embeddable":true,"href":"https:\/\/amberdistribution.lv\/lv\/wp-json\/wp\/v2\/product_cat?post=6848"},{"taxonomy":"product_tag","embeddable":true,"href":"https:\/\/amberdistribution.lv\/lv\/wp-json\/wp\/v2\/product_tag?post=6848"}],"curies":[{"name":"wp","href":"https:\/\/api.w.org\/{rel}","templated":true}]}}