{"id":6869,"date":"2024-08-14T10:16:56","date_gmt":"2024-08-14T10:16:56","guid":{"rendered":"https:\/\/amberdistribution.lv\/?post_type=product&#038;p=6869"},"modified":"2024-08-14T10:16:57","modified_gmt":"2024-08-14T10:16:57","slug":"billecart-salmon-louis-salmon-brut-blanc-de-blancs-millesime","status":"publish","type":"product","link":"https:\/\/amberdistribution.lv\/lv\/product\/billecart-salmon-louis-salmon-brut-blanc-de-blancs-millesime\/","title":{"rendered":"Billecart-Salmon Louis Salmon Brut Blanc de Blancs Millesime"},"content":{"rendered":"<p>\u0160is \u0161ampanie\u0161u nama Billecart-Salmon Cuvee nosaukts par godu nama dibin\u0101t\u0101jas Elizabetes br\u0101lim Luisam, kur\u0161 bija aizraut\u012bgs v\u012bndaris un iesaist\u012bj\u0101s nama \u0161ampane\u0161u stila izveid\u0113 jau no pa\u0161a dibin\u0101\u0161anas s\u0101kuma.<\/p>\n<p>\u0160ampanietis gatavots no Chardonnay v\u012bnog\u0101m, kas audz\u0113tas lab\u0101kajos Cote des Blancs \u0122rand Cru v\u012bna d\u0101rzos: 58% Cramant, 21% Chouilly un 21% Mesnil-sur-Oger.<\/p>\n<p>Izcilais 2009 gada \u0161ampanietis nogatavin\u0101ts 12 gadus, doz\u0101\u017ea 3.75 g\/L.<\/p>\n<p>Atrom\u0101t\u0101 rieksti, mandar\u012bni, bumbieri s\u012brup\u0101, svaigs medus un ziedi. Bag\u0101t\u012bga, kr\u0113m\u012bga gar\u0161a, kur\u0101 lieliski sabalans\u0113tas marcip\u0101na, brioche, balto aug\u013cu un balto piparu notis. Majest\u0101tisks \u0161ampanietis ar lielisku mineralit\u0101ti un neticami ilgsto\u0161u arom\u0101tu notur\u012bbu, kardamona un mango not\u012bm nosl\u0113gum\u0101.<\/p>\n<p>Izcili sader\u0113s ar t\u0101diem izsmalcin\u0101tiem \u0113dieniem, k\u0101 om\u0101ra risoto vai Teriyaki stila karalisk\u0101s \u0137emm\u012b\u0161u gliemenes.<\/p>\n<p>Iztur\u0113\u0161anas potenci\u0101ls vair\u0101k k\u0101 10 gadi.<\/p>\n<p>James Suckling v\u0113rt\u0113jums 96 punkti no 100.<\/p>\n","protected":false},"excerpt":{"rendered":"<p>\u0160is \u0161ampanie\u0161u nama Billecart-Salmon Cuvee nosaukts par godu nama dibin\u0101t\u0101jas Elizabetes br\u0101lim Luisam, kur\u0161 bija aizraut\u012bgs v\u012bndaris un iesaist\u012bj\u0101s nama \u0161ampane\u0161u stila izveid\u0113 jau no pa\u0161a dibin\u0101\u0161anas s\u0101kuma. \u0160ampanietis gatavots...<\/p>\n","protected":false},"featured_media":6870,"template":"","meta":[],"product_cat":[417],"product_tag":[],"acf":[],"_links":{"self":[{"href":"https:\/\/amberdistribution.lv\/lv\/wp-json\/wp\/v2\/product\/6869"}],"collection":[{"href":"https:\/\/amberdistribution.lv\/lv\/wp-json\/wp\/v2\/product"}],"about":[{"href":"https:\/\/amberdistribution.lv\/lv\/wp-json\/wp\/v2\/types\/product"}],"wp:featuredmedia":[{"embeddable":true,"href":"https:\/\/amberdistribution.lv\/lv\/wp-json\/wp\/v2\/media\/6870"}],"wp:attachment":[{"href":"https:\/\/amberdistribution.lv\/lv\/wp-json\/wp\/v2\/media?parent=6869"}],"wp:term":[{"taxonomy":"product_cat","embeddable":true,"href":"https:\/\/amberdistribution.lv\/lv\/wp-json\/wp\/v2\/product_cat?post=6869"},{"taxonomy":"product_tag","embeddable":true,"href":"https:\/\/amberdistribution.lv\/lv\/wp-json\/wp\/v2\/product_tag?post=6869"}],"curies":[{"name":"wp","href":"https:\/\/api.w.org\/{rel}","templated":true}]}}