{"id":6876,"date":"2024-08-15T10:09:02","date_gmt":"2024-08-15T10:09:02","guid":{"rendered":"https:\/\/amberdistribution.lv\/?post_type=product&#038;p=6876"},"modified":"2025-10-30T13:09:40","modified_gmt":"2025-10-30T13:09:40","slug":"cavit-i-mastri-chardonnay-trentino-doc","status":"publish","type":"product","link":"https:\/\/amberdistribution.lv\/lv\/product\/cavit-i-mastri-chardonnay-trentino-doc\/","title":{"rendered":"Cavit I Mastri Chardonnay Trentino DOC"},"content":{"rendered":"<p>Sauss baltv\u012bns, gatavots no Chardonnay, kas audz\u0113ts Trentino re\u0123iona kalnos un nov\u0101kts ar rok\u0101m. V\u012bns salmu dzeltena kr\u0101s\u0101 \u00a0ar izteiksm\u012bgiem za\u013cganiem atsp\u012bdumiem, pat\u012bkami intens\u012bviem un notur\u012bgiem aug\u013cu arom\u0101tiem, pat\u012bkami krauk\u0161\u0137\u012bgs, svaigs un elegants. Ieteicams pasniegt atdzes\u0113tu l\u012bdz 10 \u00b0C. Lieliski sader\u0113s ar lasi, s\u0113\u0146u risoto, spageti ar j\u016bras velt\u0113m, s\u0101ls\u016bdens ziv\u012bm.<\/p>\n<p>&nbsp;<\/p>\n","protected":false},"excerpt":{"rendered":"<p>Sauss baltv\u012bns, gatavots no Chardonnay, kas audz\u0113ts Trentino re\u0123iona kalnos un nov\u0101kts ar rok\u0101m. V\u012bns salmu dzeltena kr\u0101s\u0101 \u00a0ar izteiksm\u012bgiem za\u013cganiem atsp\u012bdumiem, pat\u012bkami intens\u012bviem un notur\u012bgiem aug\u013cu arom\u0101tiem, pat\u012bkami krauk\u0161\u0137\u012bgs,...<\/p>\n","protected":false},"featured_media":7232,"template":"","meta":[],"product_cat":[418,420],"product_tag":[],"acf":[],"_links":{"self":[{"href":"https:\/\/amberdistribution.lv\/lv\/wp-json\/wp\/v2\/product\/6876"}],"collection":[{"href":"https:\/\/amberdistribution.lv\/lv\/wp-json\/wp\/v2\/product"}],"about":[{"href":"https:\/\/amberdistribution.lv\/lv\/wp-json\/wp\/v2\/types\/product"}],"wp:featuredmedia":[{"embeddable":true,"href":"https:\/\/amberdistribution.lv\/lv\/wp-json\/wp\/v2\/media\/7232"}],"wp:attachment":[{"href":"https:\/\/amberdistribution.lv\/lv\/wp-json\/wp\/v2\/media?parent=6876"}],"wp:term":[{"taxonomy":"product_cat","embeddable":true,"href":"https:\/\/amberdistribution.lv\/lv\/wp-json\/wp\/v2\/product_cat?post=6876"},{"taxonomy":"product_tag","embeddable":true,"href":"https:\/\/amberdistribution.lv\/lv\/wp-json\/wp\/v2\/product_tag?post=6876"}],"curies":[{"name":"wp","href":"https:\/\/api.w.org\/{rel}","templated":true}]}}