{"id":688,"date":"2022-03-17T14:34:02","date_gmt":"2022-03-17T14:34:02","guid":{"rendered":"https:\/\/amberdistribution.lv\/?post_type=product&#038;p=688"},"modified":"2024-01-16T11:12:38","modified_gmt":"2024-01-16T11:12:38","slug":"rigas-melnais-balzams-kirsu","status":"publish","type":"product","link":"https:\/\/amberdistribution.lv\/lv\/product\/rigas-melnais-balzams-kirsu\/","title":{"rendered":"R\u012bgas Melnais Balzams \u0136ir\u0161u"},"content":{"rendered":"<p>R\u012bgas Melnais Balzams \u0136ir\u0161u sast\u0101vs ir komplekss - ne katru ogu vai augli var izmantot k\u0101 piedevu. Lai pan\u0101ktu v\u0113lamo kompoz\u012bciju \u2013 \u0137ir\u0161u un ori\u0123in\u0101l\u0101 Balzama\u00a0 pat\u012bkamu balansu, pie \u0137ir\u0161u Balzama iztr\u0101des intens\u012bvi tika str\u0101d\u0101ts gandr\u012bz gadu. R\u012bgas Melnais Balzams \u0136ir\u0161u ir AS Latvijas Balzams meistaru velt\u012bjums m\u016bsdien\u012bgam, progres\u012bvam un ar\u012b pras\u012bgam, k\u0101 ar\u012b zino\u0161am pat\u0113r\u0113t\u0101jam. Dz\u0113riena pamatu veido R\u012bgas Melnais Balzams Ori\u0123in\u0101lais, kas papildin\u0101ts ar \u0137ir\u0161u sulu. Arom\u0101t\u0101 sajut\u012bsiet gan svaigu \u0137ir\u0161u, gan kauli\u0146u un lapu nianses. Ingvera destil\u0101ts dz\u0113rienam pie\u0161\u0137ir spriganu svaigumu.<\/p>\n<p>Lietojiet dz\u0113rienu ar ledu vai malkojiet t\u012bru jauk\u0101 komp\u0101nij\u0101 ar draugiem. Iesakam ar\u012b ori\u0123in\u0101lus koktei\u013cus pagatavo\u0161anai m\u0101j\u0101s.<\/p>\n","protected":false},"excerpt":{"rendered":"<p>R\u012bgas Melnais Balzams \u0136ir\u0161u sast\u0101vs ir komplekss - ne katru ogu vai augli var izmantot k\u0101 piedevu. Lai pan\u0101ktu v\u0113lamo kompoz\u012bciju \u2013 \u0137ir\u0161u un ori\u0123in\u0101l\u0101 Balzama\u00a0 pat\u012bkamu balansu, pie \u0137ir\u0161u...<\/p>\n","protected":false},"featured_media":695,"template":"","meta":[],"product_cat":[24],"product_tag":[],"acf":[],"_links":{"self":[{"href":"https:\/\/amberdistribution.lv\/lv\/wp-json\/wp\/v2\/product\/688"}],"collection":[{"href":"https:\/\/amberdistribution.lv\/lv\/wp-json\/wp\/v2\/product"}],"about":[{"href":"https:\/\/amberdistribution.lv\/lv\/wp-json\/wp\/v2\/types\/product"}],"wp:featuredmedia":[{"embeddable":true,"href":"https:\/\/amberdistribution.lv\/lv\/wp-json\/wp\/v2\/media\/695"}],"wp:attachment":[{"href":"https:\/\/amberdistribution.lv\/lv\/wp-json\/wp\/v2\/media?parent=688"}],"wp:term":[{"taxonomy":"product_cat","embeddable":true,"href":"https:\/\/amberdistribution.lv\/lv\/wp-json\/wp\/v2\/product_cat?post=688"},{"taxonomy":"product_tag","embeddable":true,"href":"https:\/\/amberdistribution.lv\/lv\/wp-json\/wp\/v2\/product_tag?post=688"}],"curies":[{"name":"wp","href":"https:\/\/api.w.org\/{rel}","templated":true}]}}