{"id":6889,"date":"2024-08-15T14:09:25","date_gmt":"2024-08-15T14:09:25","guid":{"rendered":"https:\/\/amberdistribution.lv\/?post_type=product&#038;p=6889"},"modified":"2024-09-12T12:33:51","modified_gmt":"2024-09-12T12:33:51","slug":"cavit-bottega-vinai-sauvignon-blanc-trentino-doc","status":"publish","type":"product","link":"https:\/\/amberdistribution.lv\/lv\/product\/cavit-bottega-vinai-sauvignon-blanc-trentino-doc\/","title":{"rendered":"Cavit Bottega Vinai Sauvignon Blanc Trentino DOC"},"content":{"rendered":"<p>Sauss baltv\u012bns. Trentino re\u0123ion\u0101 audz\u0113 vienus no lab\u0101kajiem augstas kvalit\u0101tes Sauvignon Blanc It\u0101lij\u0101. V\u012bnogas audz\u0113tas uz zieme\u013ciem no Gardas ezera, Adige ielej\u0101, 300 m virs j\u016bras l\u012bme\u0146a, kur liel\u0101 starp\u012bba starp dienas un nakts temperat\u016bru \u013cauj gatavot \u012bpa\u0161i arom\u0101tiskus un krauk\u0161\u0137\u012bgus v\u012bnus. V\u012bnam rakstur\u012bgi intens\u012bvi pl\u016b\u0161koka, v\u012b\u0123u un greipfr\u016bta arom\u0101ti. Ieteicams pasniegt atdzes\u0113tu l\u012bdz \u00a010 \u00b0C. Lieliski sader\u0113s ar frit\u0113t\u0101m ziv\u012bm, gril\u0113t\u0101m s\u0113n\u0113m, pastu ar j\u016bras \u0137emm\u012bt\u0113m, risotto ar garnel\u0113m.<\/p>\n","protected":false},"excerpt":{"rendered":"<p>Sauss baltv\u012bns. Trentino re\u0123ion\u0101 audz\u0113 vienus no lab\u0101kajiem augstas kvalit\u0101tes Sauvignon Blanc It\u0101lij\u0101. V\u012bnogas audz\u0113tas uz zieme\u013ciem no Gardas ezera, Adige ielej\u0101, 300 m virs j\u016bras l\u012bme\u0146a, kur liel\u0101 starp\u012bba...<\/p>\n","protected":false},"featured_media":6890,"template":"","meta":[],"product_cat":[418,420],"product_tag":[],"acf":[],"_links":{"self":[{"href":"https:\/\/amberdistribution.lv\/lv\/wp-json\/wp\/v2\/product\/6889"}],"collection":[{"href":"https:\/\/amberdistribution.lv\/lv\/wp-json\/wp\/v2\/product"}],"about":[{"href":"https:\/\/amberdistribution.lv\/lv\/wp-json\/wp\/v2\/types\/product"}],"wp:featuredmedia":[{"embeddable":true,"href":"https:\/\/amberdistribution.lv\/lv\/wp-json\/wp\/v2\/media\/6890"}],"wp:attachment":[{"href":"https:\/\/amberdistribution.lv\/lv\/wp-json\/wp\/v2\/media?parent=6889"}],"wp:term":[{"taxonomy":"product_cat","embeddable":true,"href":"https:\/\/amberdistribution.lv\/lv\/wp-json\/wp\/v2\/product_cat?post=6889"},{"taxonomy":"product_tag","embeddable":true,"href":"https:\/\/amberdistribution.lv\/lv\/wp-json\/wp\/v2\/product_tag?post=6889"}],"curies":[{"name":"wp","href":"https:\/\/api.w.org\/{rel}","templated":true}]}}