{"id":6900,"date":"2024-08-19T06:42:49","date_gmt":"2024-08-19T06:42:49","guid":{"rendered":"https:\/\/amberdistribution.lv\/?post_type=product&#038;p=6900"},"modified":"2024-09-12T12:36:50","modified_gmt":"2024-09-12T12:36:50","slug":"cavit-bottega-vinai-pinot-noir-trentino-doc","status":"publish","type":"product","link":"https:\/\/amberdistribution.lv\/lv\/product\/cavit-bottega-vinai-pinot-noir-trentino-doc\/","title":{"rendered":"Cavit Bottega Vinai Pinot Nero Trentino DOC"},"content":{"rendered":"<p>Kalni Trentino apk\u0101rtn\u0113, 300- 450 m virs j\u016bras l\u012bme\u0146a ir viena no retaj\u0101m viet\u0101m It\u0101lij\u0101, kur sastopams ide\u0101ls klimats Pinot Nero audz\u0113\u0161anai. V\u012bns 12 m\u0113ne\u0161us iztur\u0113ts ozolkoka muc\u0101s, ieg\u016bstot izteiksm\u012bgu sarkano aug\u013cu, \u012bpa\u0161i \u0137ir\u0161u arom\u0101tus ar mande\u013cu un vani\u013cas not\u012bm, samtainu un harmonisku gar\u0161u. Ieteicams pasniegt 16-18 \u00b0C temperat\u016br\u0101. Ide\u0101li papildin\u0101s risotto, j\u0113ra cepeti, p\u0113r\u013cu visti\u0146as caserole, gril\u0113tu putna ga\u013cu.<\/p>\n","protected":false},"excerpt":{"rendered":"<p>Kalni Trentino apk\u0101rtn\u0113, 300- 450 m virs j\u016bras l\u012bme\u0146a ir viena no retaj\u0101m viet\u0101m It\u0101lij\u0101, kur sastopams ide\u0101ls klimats Pinot Nero audz\u0113\u0161anai. V\u012bns 12 m\u0113ne\u0161us iztur\u0113ts ozolkoka muc\u0101s, ieg\u016bstot izteiksm\u012bgu...<\/p>\n","protected":false},"featured_media":6901,"template":"","meta":[],"product_cat":[418,420],"product_tag":[],"acf":[],"_links":{"self":[{"href":"https:\/\/amberdistribution.lv\/lv\/wp-json\/wp\/v2\/product\/6900"}],"collection":[{"href":"https:\/\/amberdistribution.lv\/lv\/wp-json\/wp\/v2\/product"}],"about":[{"href":"https:\/\/amberdistribution.lv\/lv\/wp-json\/wp\/v2\/types\/product"}],"wp:featuredmedia":[{"embeddable":true,"href":"https:\/\/amberdistribution.lv\/lv\/wp-json\/wp\/v2\/media\/6901"}],"wp:attachment":[{"href":"https:\/\/amberdistribution.lv\/lv\/wp-json\/wp\/v2\/media?parent=6900"}],"wp:term":[{"taxonomy":"product_cat","embeddable":true,"href":"https:\/\/amberdistribution.lv\/lv\/wp-json\/wp\/v2\/product_cat?post=6900"},{"taxonomy":"product_tag","embeddable":true,"href":"https:\/\/amberdistribution.lv\/lv\/wp-json\/wp\/v2\/product_tag?post=6900"}],"curies":[{"name":"wp","href":"https:\/\/api.w.org\/{rel}","templated":true}]}}