{"id":6934,"date":"2024-08-19T08:41:56","date_gmt":"2024-08-19T08:41:56","guid":{"rendered":"https:\/\/amberdistribution.lv\/?post_type=product&#038;p=6934"},"modified":"2024-08-19T08:41:57","modified_gmt":"2024-08-19T08:41:57","slug":"cavit-bottega-vinai-merlot-trentino-doc","status":"publish","type":"product","link":"https:\/\/amberdistribution.lv\/lv\/product\/cavit-bottega-vinai-merlot-trentino-doc\/","title":{"rendered":"Cavit Bottega Vinai Merlot Trentino DOC"},"content":{"rendered":"<p>Cavit Bottega Vinai Merlot Trentino DOC ir intens\u012bva \u0137ir\u0161u sarkana kr\u0101sa ar rub\u012bna atsp\u012bdumiem. Kompleksa bu\u0137ete, ar \u013coti koncentr\u0113t\u0101m sarkano aug\u013cu not\u012bm (pl\u016bmju, melle\u0146u un ave\u0146u), kas harmoniz\u0113jas ar elegantaj\u0101m koka, vani\u013cas not\u012bm. Tam ir pies\u0101tin\u0101ta, bag\u0101t\u012bga gar\u0161a ar lielisku harmoniju un notur\u012bgu p\u0113cgar\u0161u, ko atbalsta ide\u0101ls saldo tan\u012bnu daudzums.<\/p>\n","protected":false},"excerpt":{"rendered":"<p>Cavit Bottega Vinai Merlot Trentino DOC ir intens\u012bva \u0137ir\u0161u sarkana kr\u0101sa ar rub\u012bna atsp\u012bdumiem. Kompleksa bu\u0137ete, ar \u013coti koncentr\u0113t\u0101m sarkano aug\u013cu not\u012bm (pl\u016bmju, melle\u0146u un ave\u0146u), kas harmoniz\u0113jas ar elegantaj\u0101m...<\/p>\n","protected":false},"featured_media":6935,"template":"","meta":[],"product_cat":[418,420],"product_tag":[],"acf":[],"_links":{"self":[{"href":"https:\/\/amberdistribution.lv\/lv\/wp-json\/wp\/v2\/product\/6934"}],"collection":[{"href":"https:\/\/amberdistribution.lv\/lv\/wp-json\/wp\/v2\/product"}],"about":[{"href":"https:\/\/amberdistribution.lv\/lv\/wp-json\/wp\/v2\/types\/product"}],"wp:featuredmedia":[{"embeddable":true,"href":"https:\/\/amberdistribution.lv\/lv\/wp-json\/wp\/v2\/media\/6935"}],"wp:attachment":[{"href":"https:\/\/amberdistribution.lv\/lv\/wp-json\/wp\/v2\/media?parent=6934"}],"wp:term":[{"taxonomy":"product_cat","embeddable":true,"href":"https:\/\/amberdistribution.lv\/lv\/wp-json\/wp\/v2\/product_cat?post=6934"},{"taxonomy":"product_tag","embeddable":true,"href":"https:\/\/amberdistribution.lv\/lv\/wp-json\/wp\/v2\/product_tag?post=6934"}],"curies":[{"name":"wp","href":"https:\/\/api.w.org\/{rel}","templated":true}]}}