{"id":7007,"date":"2025-02-28T15:33:14","date_gmt":"2025-02-28T15:33:14","guid":{"rendered":"https:\/\/amberdistribution.lv\/?post_type=product&#038;p=7007"},"modified":"2025-03-21T13:26:32","modified_gmt":"2025-03-21T13:26:32","slug":"bosca-anniversary-red-2","status":"publish","type":"product","link":"https:\/\/amberdistribution.lv\/lv\/product\/bosca-anniversary-red-2\/","title":{"rendered":"Bosca Anniversary Red"},"content":{"rendered":"<p>Pussaldais dzirksto\u0161ais Bosca Red gatavots no kvalitat\u012bva sarkan\u0101 v\u012bna, p\u0113c ori\u0123in\u0101las it\u0101lie\u0161u tehnolo\u0123ijas, kas izstr\u0101d\u0101ta Pjemont\u0113. Rakstur\u012bgs pies\u0101tin\u0101ts rub\u012bna kr\u0101sas tonis, vieglas burbul\u012b\u0161u virtenes, izteiksm\u012bga sarkano ogu gar\u0161a ar pat\u012bkam\u0101m zeme\u0146u un ave\u0146u not\u012bm. Ieteicams pasniegt atdzes\u0113tu ar sal\u0101tiem, uzkod\u0101m, p\u012bles, ga\u013cas \u0113dieniem, ne p\u0101r\u0101k saldiem desertiem.<\/p>\n","protected":false},"excerpt":{"rendered":"<p>Pussaldais dzirksto\u0161ais Bosca Red gatavots no kvalitat\u012bva sarkan\u0101 v\u012bna, p\u0113c ori\u0123in\u0101las it\u0101lie\u0161u tehnolo\u0123ijas, kas izstr\u0101d\u0101ta Pjemont\u0113. Rakstur\u012bgs pies\u0101tin\u0101ts rub\u012bna kr\u0101sas tonis, vieglas burbul\u012b\u0161u virtenes, izteiksm\u012bga sarkano ogu gar\u0161a ar pat\u012bkam\u0101m...<\/p>\n","protected":false},"featured_media":7008,"template":"","meta":[],"product_cat":[416],"product_tag":[],"acf":[],"_links":{"self":[{"href":"https:\/\/amberdistribution.lv\/lv\/wp-json\/wp\/v2\/product\/7007"}],"collection":[{"href":"https:\/\/amberdistribution.lv\/lv\/wp-json\/wp\/v2\/product"}],"about":[{"href":"https:\/\/amberdistribution.lv\/lv\/wp-json\/wp\/v2\/types\/product"}],"wp:featuredmedia":[{"embeddable":true,"href":"https:\/\/amberdistribution.lv\/lv\/wp-json\/wp\/v2\/media\/7008"}],"wp:attachment":[{"href":"https:\/\/amberdistribution.lv\/lv\/wp-json\/wp\/v2\/media?parent=7007"}],"wp:term":[{"taxonomy":"product_cat","embeddable":true,"href":"https:\/\/amberdistribution.lv\/lv\/wp-json\/wp\/v2\/product_cat?post=7007"},{"taxonomy":"product_tag","embeddable":true,"href":"https:\/\/amberdistribution.lv\/lv\/wp-json\/wp\/v2\/product_tag?post=7007"}],"curies":[{"name":"wp","href":"https:\/\/api.w.org\/{rel}","templated":true}]}}