{"id":7021,"date":"2025-03-21T13:15:50","date_gmt":"2025-03-21T13:15:50","guid":{"rendered":"https:\/\/amberdistribution.lv\/?post_type=product&#038;p=7021"},"modified":"2025-10-30T13:14:50","modified_gmt":"2025-10-30T13:14:50","slug":"laurent-perrier-heritage-brut","status":"publish","type":"product","link":"https:\/\/amberdistribution.lv\/lv\/product\/laurent-perrier-heritage-brut\/","title":{"rendered":"Laurent Perrier Heritage Brut"},"content":{"rendered":"<p>Laurent-Perrier Heritage Brut \u00a0gatavo no 55% Chardonnay, 45% Pinot Noir v\u012bnog\u0101m,\u00a0 kas audz\u0113tas 40 izcilos \u0160ampa\u0146as v\u012bna d\u0101rzos, tai skait\u0101 50% Grand Crus. Iztur\u0113ts 4 gadus.<br \/>\nHERITAGE gatavo 100% tikai no reserva v\u012bniem, kas \u0161ampanietim pie\u0161\u0137ir eleganci, svaigumu, izsmalcin\u0101t\u012bbu un perfektu briedumu.<\/p>\n","protected":false},"excerpt":{"rendered":"<p>Laurent-Perrier Heritage Brut \u00a0gatavo no 55% Chardonnay, 45% Pinot Noir v\u012bnog\u0101m,\u00a0 kas audz\u0113tas 40 izcilos \u0160ampa\u0146as v\u012bna d\u0101rzos, tai skait\u0101 50% Grand Crus. Iztur\u0113ts 4 gadus. HERITAGE gatavo 100% tikai...<\/p>\n","protected":false},"featured_media":7236,"template":"","meta":[],"product_cat":[417],"product_tag":[],"acf":[],"_links":{"self":[{"href":"https:\/\/amberdistribution.lv\/lv\/wp-json\/wp\/v2\/product\/7021"}],"collection":[{"href":"https:\/\/amberdistribution.lv\/lv\/wp-json\/wp\/v2\/product"}],"about":[{"href":"https:\/\/amberdistribution.lv\/lv\/wp-json\/wp\/v2\/types\/product"}],"wp:featuredmedia":[{"embeddable":true,"href":"https:\/\/amberdistribution.lv\/lv\/wp-json\/wp\/v2\/media\/7236"}],"wp:attachment":[{"href":"https:\/\/amberdistribution.lv\/lv\/wp-json\/wp\/v2\/media?parent=7021"}],"wp:term":[{"taxonomy":"product_cat","embeddable":true,"href":"https:\/\/amberdistribution.lv\/lv\/wp-json\/wp\/v2\/product_cat?post=7021"},{"taxonomy":"product_tag","embeddable":true,"href":"https:\/\/amberdistribution.lv\/lv\/wp-json\/wp\/v2\/product_tag?post=7021"}],"curies":[{"name":"wp","href":"https:\/\/api.w.org\/{rel}","templated":true}]}}