{"id":7034,"date":"2025-03-21T13:46:06","date_gmt":"2025-03-21T13:46:06","guid":{"rendered":"https:\/\/amberdistribution.lv\/?post_type=product&#038;p=7034"},"modified":"2025-03-21T13:46:07","modified_gmt":"2025-03-21T13:46:07","slug":"bosca-anniversary-gold-2","status":"publish","type":"product","link":"https:\/\/amberdistribution.lv\/lv\/product\/bosca-anniversary-gold-2\/","title":{"rendered":"Bosca Anniversary Gold"},"content":{"rendered":"<p>Saldais dzirksto\u0161ais Bosca Anniversary Gold gatavots no kvalitat\u012bva baltv\u012bna, p\u0113c ori\u0123in\u0101las it\u0101lie\u0161u tehnolo\u0123ijas, kas izstr\u0101d\u0101ta Pjemont\u0101. Rakstur\u012bga dzidra, zeltaina kr\u0101sa, viegla, maigi salda gar\u0161a un aug\u013caina bu\u0137ete. Ieteicams pasniegt atdzes\u0113tu pie viegl\u0101m uzkod\u0101m un sal\u0101tiem, m\u012bkstajiem sieriem, aug\u013ciem un desertiem.<\/p>\n","protected":false},"excerpt":{"rendered":"<p>Saldais dzirksto\u0161ais Bosca Anniversary Gold gatavots no kvalitat\u012bva baltv\u012bna, p\u0113c ori\u0123in\u0101las it\u0101lie\u0161u tehnolo\u0123ijas, kas izstr\u0101d\u0101ta Pjemont\u0101. Rakstur\u012bga dzidra, zeltaina kr\u0101sa, viegla, maigi salda gar\u0161a un aug\u013caina bu\u0137ete. Ieteicams pasniegt atdzes\u0113tu...<\/p>\n","protected":false},"featured_media":7030,"template":"","meta":[],"product_cat":[416],"product_tag":[],"acf":[],"_links":{"self":[{"href":"https:\/\/amberdistribution.lv\/lv\/wp-json\/wp\/v2\/product\/7034"}],"collection":[{"href":"https:\/\/amberdistribution.lv\/lv\/wp-json\/wp\/v2\/product"}],"about":[{"href":"https:\/\/amberdistribution.lv\/lv\/wp-json\/wp\/v2\/types\/product"}],"wp:featuredmedia":[{"embeddable":true,"href":"https:\/\/amberdistribution.lv\/lv\/wp-json\/wp\/v2\/media\/7030"}],"wp:attachment":[{"href":"https:\/\/amberdistribution.lv\/lv\/wp-json\/wp\/v2\/media?parent=7034"}],"wp:term":[{"taxonomy":"product_cat","embeddable":true,"href":"https:\/\/amberdistribution.lv\/lv\/wp-json\/wp\/v2\/product_cat?post=7034"},{"taxonomy":"product_tag","embeddable":true,"href":"https:\/\/amberdistribution.lv\/lv\/wp-json\/wp\/v2\/product_tag?post=7034"}],"curies":[{"name":"wp","href":"https:\/\/api.w.org\/{rel}","templated":true}]}}