{"id":7045,"date":"2025-06-18T05:50:35","date_gmt":"2025-06-18T05:50:35","guid":{"rendered":"https:\/\/amberdistribution.lv\/?post_type=product&#038;p=7045"},"modified":"2025-06-18T05:50:36","modified_gmt":"2025-06-18T05:50:36","slug":"maison-perrier-chic-pina-beach","status":"publish","type":"product","link":"https:\/\/amberdistribution.lv\/lv\/product\/maison-perrier-chic-pina-beach\/","title":{"rendered":"Maison Perrier Chic Pina Beach"},"content":{"rendered":"<p>Bezalkoholisks kokteilis, ko iedvesmojusi Pina Colada.\u00a0 Ener\u0123\u0113tisk\u0101 v\u0113rt\u012bba uz 100 ml: 50 kJ\/12 kcal<\/p>\n","protected":false},"excerpt":{"rendered":"<p>Bezalkoholisks kokteilis, ko iedvesmojusi Pina Colada.\u00a0 Ener\u0123\u0113tisk\u0101 v\u0113rt\u012bba uz 100 ml: 50 kJ\/12 kcal<\/p>\n","protected":false},"featured_media":7055,"template":"","meta":[],"product_cat":[447],"product_tag":[],"acf":[],"_links":{"self":[{"href":"https:\/\/amberdistribution.lv\/lv\/wp-json\/wp\/v2\/product\/7045"}],"collection":[{"href":"https:\/\/amberdistribution.lv\/lv\/wp-json\/wp\/v2\/product"}],"about":[{"href":"https:\/\/amberdistribution.lv\/lv\/wp-json\/wp\/v2\/types\/product"}],"wp:featuredmedia":[{"embeddable":true,"href":"https:\/\/amberdistribution.lv\/lv\/wp-json\/wp\/v2\/media\/7055"}],"wp:attachment":[{"href":"https:\/\/amberdistribution.lv\/lv\/wp-json\/wp\/v2\/media?parent=7045"}],"wp:term":[{"taxonomy":"product_cat","embeddable":true,"href":"https:\/\/amberdistribution.lv\/lv\/wp-json\/wp\/v2\/product_cat?post=7045"},{"taxonomy":"product_tag","embeddable":true,"href":"https:\/\/amberdistribution.lv\/lv\/wp-json\/wp\/v2\/product_tag?post=7045"}],"curies":[{"name":"wp","href":"https:\/\/api.w.org\/{rel}","templated":true}]}}