{"id":7048,"date":"2025-06-18T05:58:44","date_gmt":"2025-06-18T05:58:44","guid":{"rendered":"https:\/\/amberdistribution.lv\/?post_type=product&#038;p=7048"},"modified":"2025-06-18T06:23:20","modified_gmt":"2025-06-18T06:23:20","slug":"maison-perrier-chic-daiqui-red","status":"publish","type":"product","link":"https:\/\/amberdistribution.lv\/lv\/product\/maison-perrier-chic-daiqui-red\/","title":{"rendered":"Maison Perrier Chic Daiqui\u2019 Red"},"content":{"rendered":"<p>Bezalkoholisks kokteilis, ko iedvesmojis\u00a0 Daiquiri.<\/p>\n<p>Ener\u0123\u0113tisk\u0101 v\u0113rt\u012bba uz 100 ml: 49 kJ\/12 kcal<\/p>\n","protected":false},"excerpt":{"rendered":"<p>Bezalkoholisks kokteilis, ko iedvesmojis\u00a0 Daiquiri. Ener\u0123\u0113tisk\u0101 v\u0113rt\u012bba uz 100 ml: 49 kJ\/12 kcal<\/p>\n","protected":false},"featured_media":7065,"template":"","meta":[],"product_cat":[447],"product_tag":[],"acf":[],"_links":{"self":[{"href":"https:\/\/amberdistribution.lv\/lv\/wp-json\/wp\/v2\/product\/7048"}],"collection":[{"href":"https:\/\/amberdistribution.lv\/lv\/wp-json\/wp\/v2\/product"}],"about":[{"href":"https:\/\/amberdistribution.lv\/lv\/wp-json\/wp\/v2\/types\/product"}],"wp:featuredmedia":[{"embeddable":true,"href":"https:\/\/amberdistribution.lv\/lv\/wp-json\/wp\/v2\/media\/7065"}],"wp:attachment":[{"href":"https:\/\/amberdistribution.lv\/lv\/wp-json\/wp\/v2\/media?parent=7048"}],"wp:term":[{"taxonomy":"product_cat","embeddable":true,"href":"https:\/\/amberdistribution.lv\/lv\/wp-json\/wp\/v2\/product_cat?post=7048"},{"taxonomy":"product_tag","embeddable":true,"href":"https:\/\/amberdistribution.lv\/lv\/wp-json\/wp\/v2\/product_tag?post=7048"}],"curies":[{"name":"wp","href":"https:\/\/api.w.org\/{rel}","templated":true}]}}