{"id":7050,"date":"2025-06-18T05:56:04","date_gmt":"2025-06-18T05:56:04","guid":{"rendered":"https:\/\/amberdistribution.lv\/?post_type=product&#038;p=7050"},"modified":"2025-06-18T05:56:04","modified_gmt":"2025-06-18T05:56:04","slug":"maison-perrier-forever-collection-raspberry-rose","status":"publish","type":"product","link":"https:\/\/amberdistribution.lv\/lv\/product\/maison-perrier-forever-collection-raspberry-rose\/","title":{"rendered":"Maison Perrier Forever Collection Raspberry &#038; Rose"},"content":{"rendered":"<p>G\u0101z\u0113ts aromatiz\u0113ts dz\u0113riens ar ave\u0146u un ro\u017eu arom\u0101tu.<\/p>\n<p>Sast\u0101vda\u013cas: g\u0101z\u0113ts \u016bdens 99.9%, dab\u012bgi ave\u0146u un ro\u017eu aromatiz\u0113t\u0101ji 0.01%.<\/p>\n<p>Ener\u0123\u0113tisk\u0101 v\u0113rt\u012bba uz 100 ml: 2.1 kJ\/1 kcal<\/p>\n","protected":false},"excerpt":{"rendered":"<p>G\u0101z\u0113ts aromatiz\u0113ts dz\u0113riens ar ave\u0146u un ro\u017eu arom\u0101tu. Sast\u0101vda\u013cas: g\u0101z\u0113ts \u016bdens 99.9%, dab\u012bgi ave\u0146u un ro\u017eu aromatiz\u0113t\u0101ji 0.01%. Ener\u0123\u0113tisk\u0101 v\u0113rt\u012bba uz 100 ml: 2.1 kJ\/1 kcal<\/p>\n","protected":false},"featured_media":7061,"template":"","meta":[],"product_cat":[447],"product_tag":[],"acf":[],"_links":{"self":[{"href":"https:\/\/amberdistribution.lv\/lv\/wp-json\/wp\/v2\/product\/7050"}],"collection":[{"href":"https:\/\/amberdistribution.lv\/lv\/wp-json\/wp\/v2\/product"}],"about":[{"href":"https:\/\/amberdistribution.lv\/lv\/wp-json\/wp\/v2\/types\/product"}],"wp:featuredmedia":[{"embeddable":true,"href":"https:\/\/amberdistribution.lv\/lv\/wp-json\/wp\/v2\/media\/7061"}],"wp:attachment":[{"href":"https:\/\/amberdistribution.lv\/lv\/wp-json\/wp\/v2\/media?parent=7050"}],"wp:term":[{"taxonomy":"product_cat","embeddable":true,"href":"https:\/\/amberdistribution.lv\/lv\/wp-json\/wp\/v2\/product_cat?post=7050"},{"taxonomy":"product_tag","embeddable":true,"href":"https:\/\/amberdistribution.lv\/lv\/wp-json\/wp\/v2\/product_tag?post=7050"}],"curies":[{"name":"wp","href":"https:\/\/api.w.org\/{rel}","templated":true}]}}