{"id":7052,"date":"2025-06-18T05:52:53","date_gmt":"2025-06-18T05:52:53","guid":{"rendered":"https:\/\/amberdistribution.lv\/?post_type=product&#038;p=7052"},"modified":"2025-06-18T05:52:54","modified_gmt":"2025-06-18T05:52:54","slug":"maison-perrier-chic-citrus-fizz-0-25","status":"publish","type":"product","link":"https:\/\/amberdistribution.lv\/lv\/product\/maison-perrier-chic-citrus-fizz-0-25\/","title":{"rendered":"Maison Perrier Chic Citrus Fizz 0.25"},"content":{"rendered":"<p>G\u0101z\u0113ts, bezalkoholisks kokteilis, ko iedvesmojis Tom Collins.<\/p>\n<p>Ener\u0123\u0113tisk\u0101 v\u0113rt\u012bba uz 100 ml: 43 kJ\/10 kcal<\/p>\n","protected":false},"excerpt":{"rendered":"<p>G\u0101z\u0113ts, bezalkoholisks kokteilis, ko iedvesmojis Tom Collins. Ener\u0123\u0113tisk\u0101 v\u0113rt\u012bba uz 100 ml: 43 kJ\/10 kcal<\/p>\n","protected":false},"featured_media":7057,"template":"","meta":[],"product_cat":[447],"product_tag":[],"acf":[],"_links":{"self":[{"href":"https:\/\/amberdistribution.lv\/lv\/wp-json\/wp\/v2\/product\/7052"}],"collection":[{"href":"https:\/\/amberdistribution.lv\/lv\/wp-json\/wp\/v2\/product"}],"about":[{"href":"https:\/\/amberdistribution.lv\/lv\/wp-json\/wp\/v2\/types\/product"}],"wp:featuredmedia":[{"embeddable":true,"href":"https:\/\/amberdistribution.lv\/lv\/wp-json\/wp\/v2\/media\/7057"}],"wp:attachment":[{"href":"https:\/\/amberdistribution.lv\/lv\/wp-json\/wp\/v2\/media?parent=7052"}],"wp:term":[{"taxonomy":"product_cat","embeddable":true,"href":"https:\/\/amberdistribution.lv\/lv\/wp-json\/wp\/v2\/product_cat?post=7052"},{"taxonomy":"product_tag","embeddable":true,"href":"https:\/\/amberdistribution.lv\/lv\/wp-json\/wp\/v2\/product_tag?post=7052"}],"curies":[{"name":"wp","href":"https:\/\/api.w.org\/{rel}","templated":true}]}}