{"id":7068,"date":"2025-09-09T13:57:20","date_gmt":"2025-09-09T13:57:20","guid":{"rendered":"https:\/\/amberdistribution.lv\/?post_type=product&#038;p=7068"},"modified":"2025-09-09T13:57:20","modified_gmt":"2025-09-09T13:57:20","slug":"grand-cavalier-3","status":"publish","type":"product","link":"https:\/\/amberdistribution.lv\/lv\/product\/grand-cavalier-3\/","title":{"rendered":"Grand Cavalier"},"content":{"rendered":"<p>Brendiju Grand Cavalier raksturo maiga, notur\u012bga gar\u0161a un bag\u0101t\u012bgs arom\u0101ts. Ilgsto\u0161a iztur\u0113\u0161ana ozolkoka muc\u0101s uzsver patieso klasisk\u0101 brendija raksturu un rada unik\u0101lu arom\u0101tu, kas ietver vani\u013cas, \u017e\u0101v\u0113tu aug\u013cu un riekstu to\u0146us. Gar\u0161\u0101 j\u016btama tikko cepta maize, \u017e\u0101v\u0113ti saldie aug\u013ci, bumbieris. Nobeigums ir maigs un notur\u012bgs, ar eksotisku aug\u013cu piez\u012bm\u0113m.<\/p>\n","protected":false},"excerpt":{"rendered":"<p>Brendiju Grand Cavalier raksturo maiga, notur\u012bga gar\u0161a un bag\u0101t\u012bgs arom\u0101ts. Ilgsto\u0161a iztur\u0113\u0161ana ozolkoka muc\u0101s uzsver patieso klasisk\u0101 brendija raksturu un rada unik\u0101lu arom\u0101tu, kas ietver vani\u013cas, \u017e\u0101v\u0113tu aug\u013cu un riekstu...<\/p>\n","protected":false},"featured_media":7103,"template":"","meta":[],"product_cat":[302],"product_tag":[],"acf":[],"_links":{"self":[{"href":"https:\/\/amberdistribution.lv\/lv\/wp-json\/wp\/v2\/product\/7068"}],"collection":[{"href":"https:\/\/amberdistribution.lv\/lv\/wp-json\/wp\/v2\/product"}],"about":[{"href":"https:\/\/amberdistribution.lv\/lv\/wp-json\/wp\/v2\/types\/product"}],"wp:featuredmedia":[{"embeddable":true,"href":"https:\/\/amberdistribution.lv\/lv\/wp-json\/wp\/v2\/media\/7103"}],"wp:attachment":[{"href":"https:\/\/amberdistribution.lv\/lv\/wp-json\/wp\/v2\/media?parent=7068"}],"wp:term":[{"taxonomy":"product_cat","embeddable":true,"href":"https:\/\/amberdistribution.lv\/lv\/wp-json\/wp\/v2\/product_cat?post=7068"},{"taxonomy":"product_tag","embeddable":true,"href":"https:\/\/amberdistribution.lv\/lv\/wp-json\/wp\/v2\/product_tag?post=7068"}],"curies":[{"name":"wp","href":"https:\/\/api.w.org\/{rel}","templated":true}]}}