{"id":7121,"date":"2025-10-03T13:07:44","date_gmt":"2025-10-03T13:07:44","guid":{"rendered":"https:\/\/amberdistribution.lv\/?post_type=product&#038;p=7121"},"modified":"2025-10-30T13:12:03","modified_gmt":"2025-10-30T13:12:03","slug":"laurent-perrier-brut-millesime-2015","status":"publish","type":"product","link":"https:\/\/amberdistribution.lv\/lv\/product\/laurent-perrier-brut-millesime-2015\/","title":{"rendered":"Laurent-Perrier  Brut Millesime  2015"},"content":{"rendered":"<p>Gatavots no Chardonnay 50%, Pinot Noir 50%. Chardonnay no C\u00f4te des Blancs (Chouilly, Oger, Cramant, Oiry), Pinot Noir no Montagne de Reims (Tours-sur-Marne, A\u00ff, Tauxi\u00e8res, Verzenay, Ambonnay). Iztur\u0113ts 7 gadus. Arom\u0101t\u0101 bi\u0161u vasks, citronu suk\u0101des, ak\u0101ciju medus, grauzd\u0113ta maiz\u012bte un apels\u012bni. Gar\u0161as palete dz\u012bv\u012bga, kr\u0113m\u012bga un eleganta ar karameliz\u0113tu citronu un ak\u0101ciju medus not\u012bm. Sader\u0113s ar izsmalcin\u0101t\u0101m j\u016bras velt\u0113m un viegliem ga\u013cas \u0113dieniem.<\/p>\n","protected":false},"excerpt":{"rendered":"<p>Gatavots no Chardonnay 50%, Pinot Noir 50%. Chardonnay no C\u00f4te des Blancs (Chouilly, Oger, Cramant, Oiry), Pinot Noir no Montagne de Reims (Tours-sur-Marne, A\u00ff, Tauxi\u00e8res, Verzenay, Ambonnay). Iztur\u0113ts 7 gadus....<\/p>\n","protected":false},"featured_media":7234,"template":"","meta":[],"product_cat":[417],"product_tag":[],"acf":[],"_links":{"self":[{"href":"https:\/\/amberdistribution.lv\/lv\/wp-json\/wp\/v2\/product\/7121"}],"collection":[{"href":"https:\/\/amberdistribution.lv\/lv\/wp-json\/wp\/v2\/product"}],"about":[{"href":"https:\/\/amberdistribution.lv\/lv\/wp-json\/wp\/v2\/types\/product"}],"wp:featuredmedia":[{"embeddable":true,"href":"https:\/\/amberdistribution.lv\/lv\/wp-json\/wp\/v2\/media\/7234"}],"wp:attachment":[{"href":"https:\/\/amberdistribution.lv\/lv\/wp-json\/wp\/v2\/media?parent=7121"}],"wp:term":[{"taxonomy":"product_cat","embeddable":true,"href":"https:\/\/amberdistribution.lv\/lv\/wp-json\/wp\/v2\/product_cat?post=7121"},{"taxonomy":"product_tag","embeddable":true,"href":"https:\/\/amberdistribution.lv\/lv\/wp-json\/wp\/v2\/product_tag?post=7121"}],"curies":[{"name":"wp","href":"https:\/\/api.w.org\/{rel}","templated":true}]}}