{"id":7127,"date":"2025-10-03T13:05:40","date_gmt":"2025-10-03T13:05:40","guid":{"rendered":"https:\/\/amberdistribution.lv\/?post_type=product&#038;p=7127"},"modified":"2025-10-30T12:59:35","modified_gmt":"2025-10-30T12:59:35","slug":"laurent-perrier-blanc-de-blanc-brut-nature","status":"publish","type":"product","link":"https:\/\/amberdistribution.lv\/lv\/product\/laurent-perrier-blanc-de-blanc-brut-nature\/","title":{"rendered":"Laurent- Perrier Blanc de Blanc Brut Nature"},"content":{"rendered":"<p>Gatavots no Chardonnay 100%. Chardonnay no C\u00f4te des Blancs (Avize, Cramant, Oiry, Chouilly) un Montagne de Reims (Tours-sur-Marne, Villers-Marmery, Rilly La Montagne). Iztur\u0113ts 8 gadus Arom\u0101t\u0101 izteiksm\u012bga mineralit\u0101te un citrusu arom\u0101ti. Izcili sabalans\u0113ts v\u012bns ar citronu not\u012bm. Sader\u0113s ar izsmalcin\u0101t\u0101m j\u016bras velt\u0113m un auster\u0113m.<\/p>\n","protected":false},"excerpt":{"rendered":"<p>Gatavots no Chardonnay 100%. Chardonnay no C\u00f4te des Blancs (Avize, Cramant, Oiry, Chouilly) un Montagne de Reims (Tours-sur-Marne, Villers-Marmery, Rilly La Montagne). Iztur\u0113ts 8 gadus Arom\u0101t\u0101 izteiksm\u012bga mineralit\u0101te un citrusu...<\/p>\n","protected":false},"featured_media":7226,"template":"","meta":[],"product_cat":[417],"product_tag":[],"acf":[],"_links":{"self":[{"href":"https:\/\/amberdistribution.lv\/lv\/wp-json\/wp\/v2\/product\/7127"}],"collection":[{"href":"https:\/\/amberdistribution.lv\/lv\/wp-json\/wp\/v2\/product"}],"about":[{"href":"https:\/\/amberdistribution.lv\/lv\/wp-json\/wp\/v2\/types\/product"}],"wp:featuredmedia":[{"embeddable":true,"href":"https:\/\/amberdistribution.lv\/lv\/wp-json\/wp\/v2\/media\/7226"}],"wp:attachment":[{"href":"https:\/\/amberdistribution.lv\/lv\/wp-json\/wp\/v2\/media?parent=7127"}],"wp:term":[{"taxonomy":"product_cat","embeddable":true,"href":"https:\/\/amberdistribution.lv\/lv\/wp-json\/wp\/v2\/product_cat?post=7127"},{"taxonomy":"product_tag","embeddable":true,"href":"https:\/\/amberdistribution.lv\/lv\/wp-json\/wp\/v2\/product_tag?post=7127"}],"curies":[{"name":"wp","href":"https:\/\/api.w.org\/{rel}","templated":true}]}}