{"id":7133,"date":"2025-10-10T11:46:52","date_gmt":"2025-10-10T11:46:52","guid":{"rendered":"https:\/\/amberdistribution.lv\/?post_type=product&#038;p=7133"},"modified":"2025-10-30T13:29:29","modified_gmt":"2025-10-30T13:29:29","slug":"luigi-bosca-lange-nebbiolo-d-o-c","status":"publish","type":"product","link":"https:\/\/amberdistribution.lv\/lv\/product\/luigi-bosca-lange-nebbiolo-d-o-c\/","title":{"rendered":"Luigi Bosca Lange Nebbiolo D.O.C."},"content":{"rendered":"<p>Sauss sarkanv\u012bns, gatavots no Nebbiolo v\u012bnog\u0101m.<\/p>\n<p>Di\u017ecilt\u012bg\u0101 v\u012bna gatavo\u0161anas trad\u012bcijas Pjemont\u0113 s\u0101k\u0101s jau 13. gadsimt\u0101.<\/p>\n<p>Rub\u012bnsarkans v\u012bns ar izsmalcin\u0101tiem sarkano aug\u013cu arom\u0101tiem, \u0137ir\u0161u, ave\u0146u un tabakas not\u012bm.<\/p>\n<p>Lieliski sader\u0113s ar liellopa ga\u013cu, Ribeye steiku, p\u012bli, med\u012bjumu,<\/p>\n<p>Parmigiano Reggiano, burratu, fetas sieru, gril\u0113tiem d\u0101rze\u0146iem, s\u0113\u0146u risotto.<\/p>\n","protected":false},"excerpt":{"rendered":"<p>Sauss sarkanv\u012bns, gatavots no Nebbiolo v\u012bnog\u0101m. Di\u017ecilt\u012bg\u0101 v\u012bna gatavo\u0161anas trad\u012bcijas Pjemont\u0113 s\u0101k\u0101s jau 13. gadsimt\u0101. Rub\u012bnsarkans v\u012bns ar izsmalcin\u0101tiem sarkano aug\u013cu arom\u0101tiem, \u0137ir\u0161u, ave\u0146u un tabakas not\u012bm. Lieliski sader\u0113s ar...<\/p>\n","protected":false},"featured_media":7244,"template":"","meta":[],"product_cat":[418],"product_tag":[],"acf":[],"_links":{"self":[{"href":"https:\/\/amberdistribution.lv\/lv\/wp-json\/wp\/v2\/product\/7133"}],"collection":[{"href":"https:\/\/amberdistribution.lv\/lv\/wp-json\/wp\/v2\/product"}],"about":[{"href":"https:\/\/amberdistribution.lv\/lv\/wp-json\/wp\/v2\/types\/product"}],"wp:featuredmedia":[{"embeddable":true,"href":"https:\/\/amberdistribution.lv\/lv\/wp-json\/wp\/v2\/media\/7244"}],"wp:attachment":[{"href":"https:\/\/amberdistribution.lv\/lv\/wp-json\/wp\/v2\/media?parent=7133"}],"wp:term":[{"taxonomy":"product_cat","embeddable":true,"href":"https:\/\/amberdistribution.lv\/lv\/wp-json\/wp\/v2\/product_cat?post=7133"},{"taxonomy":"product_tag","embeddable":true,"href":"https:\/\/amberdistribution.lv\/lv\/wp-json\/wp\/v2\/product_tag?post=7133"}],"curies":[{"name":"wp","href":"https:\/\/api.w.org\/{rel}","templated":true}]}}