{"id":7136,"date":"2025-10-10T11:56:47","date_gmt":"2025-10-10T11:56:47","guid":{"rendered":"https:\/\/amberdistribution.lv\/?post_type=product&#038;p=7136"},"modified":"2025-10-30T14:40:36","modified_gmt":"2025-10-30T14:40:36","slug":"luigi-bosca-piemonte-chardonnay-d-o-c","status":"publish","type":"product","link":"https:\/\/amberdistribution.lv\/lv\/product\/luigi-bosca-piemonte-chardonnay-d-o-c\/","title":{"rendered":"Luigi Bosca Piemonte Chardonnay D.O.C."},"content":{"rendered":"<p>Sauss baltv\u012bns, no Pjemont\u0113 augu\u0161\u0101m Chardonnay v\u012bnog\u0101m.<\/p>\n<p>Viegls, svaigs baltv\u012bns ar pat\u012bkamiem p\u013cavas ziedu arom\u0101tiem, br\u012bni\u0161\u0137\u012bgu mineralit\u0101ti.<\/p>\n<p>Lieliski sader\u0113s ar viegl\u0101m uzkod\u0101m, zivju \u0113dieniem, pastu ar j\u016bras velt\u0113m.<\/p>\n","protected":false},"excerpt":{"rendered":"<p>Sauss baltv\u012bns, no Pjemont\u0113 augu\u0161\u0101m Chardonnay v\u012bnog\u0101m. Viegls, svaigs baltv\u012bns ar pat\u012bkamiem p\u013cavas ziedu arom\u0101tiem, br\u012bni\u0161\u0137\u012bgu mineralit\u0101ti. Lieliski sader\u0113s ar viegl\u0101m uzkod\u0101m, zivju \u0113dieniem, pastu ar j\u016bras velt\u0113m.<\/p>\n","protected":false},"featured_media":7260,"template":"","meta":[],"product_cat":[418],"product_tag":[],"acf":[],"_links":{"self":[{"href":"https:\/\/amberdistribution.lv\/lv\/wp-json\/wp\/v2\/product\/7136"}],"collection":[{"href":"https:\/\/amberdistribution.lv\/lv\/wp-json\/wp\/v2\/product"}],"about":[{"href":"https:\/\/amberdistribution.lv\/lv\/wp-json\/wp\/v2\/types\/product"}],"wp:featuredmedia":[{"embeddable":true,"href":"https:\/\/amberdistribution.lv\/lv\/wp-json\/wp\/v2\/media\/7260"}],"wp:attachment":[{"href":"https:\/\/amberdistribution.lv\/lv\/wp-json\/wp\/v2\/media?parent=7136"}],"wp:term":[{"taxonomy":"product_cat","embeddable":true,"href":"https:\/\/amberdistribution.lv\/lv\/wp-json\/wp\/v2\/product_cat?post=7136"},{"taxonomy":"product_tag","embeddable":true,"href":"https:\/\/amberdistribution.lv\/lv\/wp-json\/wp\/v2\/product_tag?post=7136"}],"curies":[{"name":"wp","href":"https:\/\/api.w.org\/{rel}","templated":true}]}}