{"id":7139,"date":"2025-10-10T12:09:01","date_gmt":"2025-10-10T12:09:01","guid":{"rendered":"https:\/\/amberdistribution.lv\/?post_type=product&#038;p=7139"},"modified":"2025-10-30T13:44:59","modified_gmt":"2025-10-30T13:44:59","slug":"luigi-bosca-barbera-dasti-d-o-c-g","status":"publish","type":"product","link":"https:\/\/amberdistribution.lv\/lv\/product\/luigi-bosca-barbera-dasti-d-o-c-g\/","title":{"rendered":"Luigi Bosca Barbera D\u2019Asti D.O.C.G."},"content":{"rendered":"<p>Sauss sarkanv\u012bns, gatavots no Barbera\u00a0 v\u012bnog\u0101m.<\/p>\n<p>Rub\u012bnsarkans, sp\u0113c\u012bgs v\u012bns ar sarkano aug\u013cu arom\u0101tiem, \u0137ir\u0161u, upe\u0146u un \u017e\u0101v\u0113tu pl\u016bmju not\u012bm.<\/p>\n<p>Lieliski sader\u0113s ar da\u017e\u0101d\u0101m ga\u013cas uzkod\u0101m, j\u0113ra ga\u013cu,\u00a0 pastu ar tom\u0101tu m\u0113rci, pic\u0101m, bakla\u017e\u0101nu \u0113dieniem.<\/p>\n","protected":false},"excerpt":{"rendered":"<p>Sauss sarkanv\u012bns, gatavots no Barbera\u00a0 v\u012bnog\u0101m. Rub\u012bnsarkans, sp\u0113c\u012bgs v\u012bns ar sarkano aug\u013cu arom\u0101tiem, \u0137ir\u0161u, upe\u0146u un \u017e\u0101v\u0113tu pl\u016bmju not\u012bm. Lieliski sader\u0113s ar da\u017e\u0101d\u0101m ga\u013cas uzkod\u0101m, j\u0113ra ga\u013cu,\u00a0 pastu ar tom\u0101tu...<\/p>\n","protected":false},"featured_media":7256,"template":"","meta":[],"product_cat":[418],"product_tag":[],"acf":[],"_links":{"self":[{"href":"https:\/\/amberdistribution.lv\/lv\/wp-json\/wp\/v2\/product\/7139"}],"collection":[{"href":"https:\/\/amberdistribution.lv\/lv\/wp-json\/wp\/v2\/product"}],"about":[{"href":"https:\/\/amberdistribution.lv\/lv\/wp-json\/wp\/v2\/types\/product"}],"wp:featuredmedia":[{"embeddable":true,"href":"https:\/\/amberdistribution.lv\/lv\/wp-json\/wp\/v2\/media\/7256"}],"wp:attachment":[{"href":"https:\/\/amberdistribution.lv\/lv\/wp-json\/wp\/v2\/media?parent=7139"}],"wp:term":[{"taxonomy":"product_cat","embeddable":true,"href":"https:\/\/amberdistribution.lv\/lv\/wp-json\/wp\/v2\/product_cat?post=7139"},{"taxonomy":"product_tag","embeddable":true,"href":"https:\/\/amberdistribution.lv\/lv\/wp-json\/wp\/v2\/product_tag?post=7139"}],"curies":[{"name":"wp","href":"https:\/\/api.w.org\/{rel}","templated":true}]}}