{"id":7142,"date":"2025-10-10T12:31:30","date_gmt":"2025-10-10T12:31:30","guid":{"rendered":"https:\/\/amberdistribution.lv\/?post_type=product&#038;p=7142"},"modified":"2025-10-30T14:51:47","modified_gmt":"2025-10-30T14:51:47","slug":"luigi-bosca-lange-rosso-d-o-c","status":"publish","type":"product","link":"https:\/\/amberdistribution.lv\/lv\/product\/luigi-bosca-lange-rosso-d-o-c\/","title":{"rendered":"Luigi Bosca Lange Rosso D.O.C."},"content":{"rendered":"<p>Sauss sarkanv\u012bns, gatavots no Pjemont\u0113 augu\u0161\u0101m Barbera 66% un Nebbiolo 34% v\u012bnog\u0101m.<\/p>\n<p>Rub\u012bnsarkans, sp\u0113c\u012bgs v\u012bns ar sarkano aug\u013cu arom\u0101tiem, \u0137ir\u0161u, upe\u0146u un ave\u0146u not\u012bm.<\/p>\n<p>Lieliski sader\u0113s ar ga\u013cas \u0113dieniem, pastu, med\u012bjumu, ravioli.<\/p>\n","protected":false},"excerpt":{"rendered":"<p>Sauss sarkanv\u012bns, gatavots no Pjemont\u0113 augu\u0161\u0101m Barbera 66% un Nebbiolo 34% v\u012bnog\u0101m. Rub\u012bnsarkans, sp\u0113c\u012bgs v\u012bns ar sarkano aug\u013cu arom\u0101tiem, \u0137ir\u0161u, upe\u0146u un ave\u0146u not\u012bm. Lieliski sader\u0113s ar ga\u013cas \u0113dieniem, pastu,...<\/p>\n","protected":false},"featured_media":7272,"template":"","meta":[],"product_cat":[418],"product_tag":[],"acf":[],"_links":{"self":[{"href":"https:\/\/amberdistribution.lv\/lv\/wp-json\/wp\/v2\/product\/7142"}],"collection":[{"href":"https:\/\/amberdistribution.lv\/lv\/wp-json\/wp\/v2\/product"}],"about":[{"href":"https:\/\/amberdistribution.lv\/lv\/wp-json\/wp\/v2\/types\/product"}],"wp:featuredmedia":[{"embeddable":true,"href":"https:\/\/amberdistribution.lv\/lv\/wp-json\/wp\/v2\/media\/7272"}],"wp:attachment":[{"href":"https:\/\/amberdistribution.lv\/lv\/wp-json\/wp\/v2\/media?parent=7142"}],"wp:term":[{"taxonomy":"product_cat","embeddable":true,"href":"https:\/\/amberdistribution.lv\/lv\/wp-json\/wp\/v2\/product_cat?post=7142"},{"taxonomy":"product_tag","embeddable":true,"href":"https:\/\/amberdistribution.lv\/lv\/wp-json\/wp\/v2\/product_tag?post=7142"}],"curies":[{"name":"wp","href":"https:\/\/api.w.org\/{rel}","templated":true}]}}