{"id":7145,"date":"2025-10-10T12:23:35","date_gmt":"2025-10-10T12:23:35","guid":{"rendered":"https:\/\/amberdistribution.lv\/?post_type=product&#038;p=7145"},"modified":"2025-10-30T14:50:03","modified_gmt":"2025-10-30T14:50:03","slug":"bosca-1831-chardonnay-extra-dry","status":"publish","type":"product","link":"https:\/\/amberdistribution.lv\/lv\/product\/bosca-1831-chardonnay-extra-dry\/","title":{"rendered":"Bosca 1831 Chardonnay extra dry"},"content":{"rendered":"<p>Dzirksto\u0161ais v\u012bns gatavots no Pjemont\u0113 audz\u0113tam Chardonnay v\u012bnog\u0101m.<\/p>\n<p>Rakstur\u012bgi svaigi arom\u0101ti ar persiku, \u0101bolu, anan\u0101su un ban\u0101nu arom\u0101tiem, svaiga gar\u0161a ar pat\u012bkamu mineralit\u0101ti.\u00a0 Lielisks aperit\u012bvs, k\u0101 ar\u012b papildin\u0101jums viegl\u0101m uzkod\u0101m, sieriem, zivs \u0113dieniem, aug\u013cu sal\u0101tiem. Ieteicams pasniegt atdzes\u0113tu.<\/p>\n","protected":false},"excerpt":{"rendered":"<p>Dzirksto\u0161ais v\u012bns gatavots no Pjemont\u0113 audz\u0113tam Chardonnay v\u012bnog\u0101m. Rakstur\u012bgi svaigi arom\u0101ti ar persiku, \u0101bolu, anan\u0101su un ban\u0101nu arom\u0101tiem, svaiga gar\u0161a ar pat\u012bkamu mineralit\u0101ti.\u00a0 Lielisks aperit\u012bvs, k\u0101 ar\u012b papildin\u0101jums viegl\u0101m uzkod\u0101m,...<\/p>\n","protected":false},"featured_media":7270,"template":"","meta":[],"product_cat":[416],"product_tag":[],"acf":[],"_links":{"self":[{"href":"https:\/\/amberdistribution.lv\/lv\/wp-json\/wp\/v2\/product\/7145"}],"collection":[{"href":"https:\/\/amberdistribution.lv\/lv\/wp-json\/wp\/v2\/product"}],"about":[{"href":"https:\/\/amberdistribution.lv\/lv\/wp-json\/wp\/v2\/types\/product"}],"wp:featuredmedia":[{"embeddable":true,"href":"https:\/\/amberdistribution.lv\/lv\/wp-json\/wp\/v2\/media\/7270"}],"wp:attachment":[{"href":"https:\/\/amberdistribution.lv\/lv\/wp-json\/wp\/v2\/media?parent=7145"}],"wp:term":[{"taxonomy":"product_cat","embeddable":true,"href":"https:\/\/amberdistribution.lv\/lv\/wp-json\/wp\/v2\/product_cat?post=7145"},{"taxonomy":"product_tag","embeddable":true,"href":"https:\/\/amberdistribution.lv\/lv\/wp-json\/wp\/v2\/product_tag?post=7145"}],"curies":[{"name":"wp","href":"https:\/\/api.w.org\/{rel}","templated":true}]}}