{"id":7148,"date":"2025-10-10T12:29:56","date_gmt":"2025-10-10T12:29:56","guid":{"rendered":"https:\/\/amberdistribution.lv\/?post_type=product&#038;p=7148"},"modified":"2025-10-30T14:48:16","modified_gmt":"2025-10-30T14:48:16","slug":"bosca-1831-pinot-nero-rose-extra-dry","status":"publish","type":"product","link":"https:\/\/amberdistribution.lv\/lv\/product\/bosca-1831-pinot-nero-rose-extra-dry\/","title":{"rendered":"Bosca 1831 Pinot Nero Rose extra dry"},"content":{"rendered":"<p>Roz\u0101 dzirksto\u0161ais v\u012bns gatavots no Pjemont\u0113 audz\u0113t\u0101m Pinot Nero v\u012bnog\u0101m.<\/p>\n<p>Rakstur\u012bgi svaigi arom\u0101ti ar j\u0101\u0146ogu, gran\u0101t\u0101bolu, me\u017ea zeme\u0146u un ro\u017eu arom\u0101tiem, svaiga gar\u0161a ar pat\u012bkamu mineralit\u0101ti.\u00a0 Lielisks aperit\u012bvs, k\u0101 ar\u012b papildin\u0101jums viegl\u0101m uzkod\u0101m.\u00a0 Ieteicams pasniegt atdzes\u0113tu.<\/p>\n<p>2025. gada <b>Berl\u012bnes V\u012bnu izst\u0101d\u0113 apbalvots ar Zelta trofeju<\/b>.<\/p>\n","protected":false},"excerpt":{"rendered":"<p>Roz\u0101 dzirksto\u0161ais v\u012bns gatavots no Pjemont\u0113 audz\u0113t\u0101m Pinot Nero v\u012bnog\u0101m. Rakstur\u012bgi svaigi arom\u0101ti ar j\u0101\u0146ogu, gran\u0101t\u0101bolu, me\u017ea zeme\u0146u un ro\u017eu arom\u0101tiem, svaiga gar\u0161a ar pat\u012bkamu mineralit\u0101ti.\u00a0 Lielisks aperit\u012bvs, k\u0101 ar\u012b...<\/p>\n","protected":false},"featured_media":7268,"template":"","meta":[],"product_cat":[416],"product_tag":[],"acf":[],"_links":{"self":[{"href":"https:\/\/amberdistribution.lv\/lv\/wp-json\/wp\/v2\/product\/7148"}],"collection":[{"href":"https:\/\/amberdistribution.lv\/lv\/wp-json\/wp\/v2\/product"}],"about":[{"href":"https:\/\/amberdistribution.lv\/lv\/wp-json\/wp\/v2\/types\/product"}],"wp:featuredmedia":[{"embeddable":true,"href":"https:\/\/amberdistribution.lv\/lv\/wp-json\/wp\/v2\/media\/7268"}],"wp:attachment":[{"href":"https:\/\/amberdistribution.lv\/lv\/wp-json\/wp\/v2\/media?parent=7148"}],"wp:term":[{"taxonomy":"product_cat","embeddable":true,"href":"https:\/\/amberdistribution.lv\/lv\/wp-json\/wp\/v2\/product_cat?post=7148"},{"taxonomy":"product_tag","embeddable":true,"href":"https:\/\/amberdistribution.lv\/lv\/wp-json\/wp\/v2\/product_tag?post=7148"}],"curies":[{"name":"wp","href":"https:\/\/api.w.org\/{rel}","templated":true}]}}