{"id":7151,"date":"2025-10-15T09:26:33","date_gmt":"2025-10-15T09:26:33","guid":{"rendered":"https:\/\/amberdistribution.lv\/?post_type=product&#038;p=7151"},"modified":"2025-10-30T13:17:26","modified_gmt":"2025-10-30T13:17:26","slug":"arinzano-pureza-coleccion-chardonnay-lab-d-o-p-pago-de-arinzano-2022","status":"publish","type":"product","link":"https:\/\/amberdistribution.lv\/lv\/product\/arinzano-pureza-coleccion-chardonnay-lab-d-o-p-pago-de-arinzano-2022\/","title":{"rendered":"ARINZANO PUREZA COLECCION CHARDONNAY LAB D.O.P. Pago De Arinzano 2022"},"content":{"rendered":"<p>Sauss baltv\u012bns no viena v\u012bna d\u0101rza Canteras Pinos, kas atrodas visaugst\u0101kaj\u0101 Arinzano v\u012bna d\u0101rzu da\u013c\u0101 uz kalna nog\u0101zes, kam rakstur\u012bga ka\u013c\u0137akmens augsne.<\/p>\n<p>Chardonnay iztur\u0113ts 1500L sf\u0113risk\u0101 betona tvertn\u0113 bez m\u0101ksl\u012bgas temperat\u016bras kontroles, kas veicin\u0101jis kr\u0113m\u012bga un lieliski sabalans\u0113ta v\u012bna rad\u012b\u0161anu. Rakstur\u012bgs gai\u0161i dzeltens salmu kr\u0101sas tonis ar viegli za\u013cganiem atsp\u012bdumiem. \u0100rk\u0101rt\u012bgi arom\u0101tisks v\u012bns, ar apk\u0101rt\u0113jos kalnos augo\u0161o timi\u0101na un rozmar\u012bna arom\u0101tiem un pieliju\u0161as zemes smar\u017eu, gar\u0161\u0101 tipisks Atlantiskais Chardonnay- svaigs,\u00a0 ar sp\u0113c\u012bgu sal\u012bnu noti.<\/p>\n<p>Izgatavotas 1055 pudeles.<\/p>\n<p>Nov\u0113rt\u0113ts ar Sudraba meda\u013c\u0101m Drinks Business Global Chardonnay Masters un Latvijas Gada V\u012bns 2025. konkurs\u0101.<\/p>\n","protected":false},"excerpt":{"rendered":"<p>Sauss baltv\u012bns no viena v\u012bna d\u0101rza Canteras Pinos, kas atrodas visaugst\u0101kaj\u0101 Arinzano v\u012bna d\u0101rzu da\u013c\u0101 uz kalna nog\u0101zes, kam rakstur\u012bga ka\u013c\u0137akmens augsne. Chardonnay iztur\u0113ts 1500L sf\u0113risk\u0101 betona tvertn\u0113 bez m\u0101ksl\u012bgas...<\/p>\n","protected":false},"featured_media":7238,"template":"","meta":[],"product_cat":[418],"product_tag":[],"acf":[],"_links":{"self":[{"href":"https:\/\/amberdistribution.lv\/lv\/wp-json\/wp\/v2\/product\/7151"}],"collection":[{"href":"https:\/\/amberdistribution.lv\/lv\/wp-json\/wp\/v2\/product"}],"about":[{"href":"https:\/\/amberdistribution.lv\/lv\/wp-json\/wp\/v2\/types\/product"}],"wp:featuredmedia":[{"embeddable":true,"href":"https:\/\/amberdistribution.lv\/lv\/wp-json\/wp\/v2\/media\/7238"}],"wp:attachment":[{"href":"https:\/\/amberdistribution.lv\/lv\/wp-json\/wp\/v2\/media?parent=7151"}],"wp:term":[{"taxonomy":"product_cat","embeddable":true,"href":"https:\/\/amberdistribution.lv\/lv\/wp-json\/wp\/v2\/product_cat?post=7151"},{"taxonomy":"product_tag","embeddable":true,"href":"https:\/\/amberdistribution.lv\/lv\/wp-json\/wp\/v2\/product_tag?post=7151"}],"curies":[{"name":"wp","href":"https:\/\/api.w.org\/{rel}","templated":true}]}}