{"id":7154,"date":"2025-10-16T06:04:58","date_gmt":"2025-10-16T06:04:58","guid":{"rendered":"https:\/\/amberdistribution.lv\/?post_type=product&#038;p=7154"},"modified":"2025-10-30T13:02:55","modified_gmt":"2025-10-30T13:02:55","slug":"arinzano-armonia-coleccion-chardonnay-lab-d-o-p-pago-de-arinzano-2022","status":"publish","type":"product","link":"https:\/\/amberdistribution.lv\/lv\/product\/arinzano-armonia-coleccion-chardonnay-lab-d-o-p-pago-de-arinzano-2022\/","title":{"rendered":"ARINZANO ARMONIA COLECCION CHARDONNAY LAB D.O.P. Pago De Arinzano 2022"},"content":{"rendered":"<p>Sauss baltv\u012bns no viena v\u012bna d\u0101rza Los Almendros, kam rakstur\u012bgas smil\u0161u un m\u0101la augsnes, audz\u0113t\u0101m Chardonnay v\u012bnog\u0101m. Iztur\u0113ts stipri apdedzin\u0101t\u0101s jaun\u0101 un otrreiz imantot\u0101 ozolkoka muc\u0101s, k\u0101 ar\u012b m\u0101la amfor\u0101. Rakstur\u012bga zeltaini dzeltena, dzidra kr\u0101s\u0101,\u00a0 \u0101rk\u0101rt\u012bgi bag\u0101t\u012bgi arom\u0101ti un gar\u0161as, svaigs, elegants un kr\u0113m\u012bgs v\u012bns ar nogatavoju\u0161os tropisko aug\u013cu, citrusu, kr\u0113juma karameles, balsamico\u00a0 un medus not\u012bm.\u00a0 Izgatavotas 1055 pudeles.<\/p>\n<p>Nov\u0113rt\u0113ts ar Zelta meda\u013cu Latvijas Gada V\u012bns 2025. konkurs\u0101.<\/p>\n","protected":false},"excerpt":{"rendered":"<p>Sauss baltv\u012bns no viena v\u012bna d\u0101rza Los Almendros, kam rakstur\u012bgas smil\u0161u un m\u0101la augsnes, audz\u0113t\u0101m Chardonnay v\u012bnog\u0101m. Iztur\u0113ts stipri apdedzin\u0101t\u0101s jaun\u0101 un otrreiz imantot\u0101 ozolkoka muc\u0101s, k\u0101 ar\u012b m\u0101la amfor\u0101....<\/p>\n","protected":false},"featured_media":7228,"template":"","meta":[],"product_cat":[418],"product_tag":[],"acf":[],"_links":{"self":[{"href":"https:\/\/amberdistribution.lv\/lv\/wp-json\/wp\/v2\/product\/7154"}],"collection":[{"href":"https:\/\/amberdistribution.lv\/lv\/wp-json\/wp\/v2\/product"}],"about":[{"href":"https:\/\/amberdistribution.lv\/lv\/wp-json\/wp\/v2\/types\/product"}],"wp:featuredmedia":[{"embeddable":true,"href":"https:\/\/amberdistribution.lv\/lv\/wp-json\/wp\/v2\/media\/7228"}],"wp:attachment":[{"href":"https:\/\/amberdistribution.lv\/lv\/wp-json\/wp\/v2\/media?parent=7154"}],"wp:term":[{"taxonomy":"product_cat","embeddable":true,"href":"https:\/\/amberdistribution.lv\/lv\/wp-json\/wp\/v2\/product_cat?post=7154"},{"taxonomy":"product_tag","embeddable":true,"href":"https:\/\/amberdistribution.lv\/lv\/wp-json\/wp\/v2\/product_tag?post=7154"}],"curies":[{"name":"wp","href":"https:\/\/api.w.org\/{rel}","templated":true}]}}