{"id":7155,"date":"2025-10-23T10:05:08","date_gmt":"2025-10-23T10:05:08","guid":{"rendered":"https:\/\/amberdistribution.lv\/?post_type=product&#038;p=7155"},"modified":"2025-10-30T13:32:17","modified_gmt":"2025-10-30T13:32:17","slug":"tagaro-mancinello-nero-di-troia-puglia-igp","status":"publish","type":"product","link":"https:\/\/amberdistribution.lv\/lv\/product\/tagaro-mancinello-nero-di-troia-puglia-igp\/","title":{"rendered":"Tagaro Mancinello Nero di Troia Puglia IGP"},"content":{"rendered":"<p>Sausais sarkanv\u012bns no Nord Est Barese, Ap\u016blijas re\u0123ion\u0101 It\u0101lijas dienvidos gatavots no Nero di Troia v\u012bnog\u0101m, kas augu\u0161as 25- 30 gadus vecos v\u012bnogul\u0101jos, iztur\u0113ts 8 m\u0113ne\u0161us vid\u0113ji apgrauzd\u0113t\u0101s ozolkoka muc\u0101s. Rakstur\u012bgi intens\u012bvi sarkano ogu un gar\u0161vielu arom\u0101ti. Elegantais, sp\u0113c\u012bgais v\u012bns lieliski sader\u0113s ar ga\u013cas \u0113dieniem, nogatavin\u0101tiem sieriem, pastas \u0113dieniem.<\/p>\n","protected":false},"excerpt":{"rendered":"<p>Sausais sarkanv\u012bns no Nord Est Barese, Ap\u016blijas re\u0123ion\u0101 It\u0101lijas dienvidos gatavots no Nero di Troia v\u012bnog\u0101m, kas augu\u0161as 25- 30 gadus vecos v\u012bnogul\u0101jos, iztur\u0113ts 8 m\u0113ne\u0161us vid\u0113ji apgrauzd\u0113t\u0101s ozolkoka muc\u0101s....<\/p>\n","protected":false},"featured_media":7246,"template":"","meta":[],"product_cat":[418],"product_tag":[],"acf":[],"_links":{"self":[{"href":"https:\/\/amberdistribution.lv\/lv\/wp-json\/wp\/v2\/product\/7155"}],"collection":[{"href":"https:\/\/amberdistribution.lv\/lv\/wp-json\/wp\/v2\/product"}],"about":[{"href":"https:\/\/amberdistribution.lv\/lv\/wp-json\/wp\/v2\/types\/product"}],"wp:featuredmedia":[{"embeddable":true,"href":"https:\/\/amberdistribution.lv\/lv\/wp-json\/wp\/v2\/media\/7246"}],"wp:attachment":[{"href":"https:\/\/amberdistribution.lv\/lv\/wp-json\/wp\/v2\/media?parent=7155"}],"wp:term":[{"taxonomy":"product_cat","embeddable":true,"href":"https:\/\/amberdistribution.lv\/lv\/wp-json\/wp\/v2\/product_cat?post=7155"},{"taxonomy":"product_tag","embeddable":true,"href":"https:\/\/amberdistribution.lv\/lv\/wp-json\/wp\/v2\/product_tag?post=7155"}],"curies":[{"name":"wp","href":"https:\/\/api.w.org\/{rel}","templated":true}]}}