{"id":7156,"date":"2025-10-23T10:00:33","date_gmt":"2025-10-23T10:00:33","guid":{"rendered":"https:\/\/amberdistribution.lv\/?post_type=product&#038;p=7156"},"modified":"2025-10-30T13:39:54","modified_gmt":"2025-10-30T13:39:54","slug":"tagaro-cinquenoci-primitivo-puglia-igp","status":"publish","type":"product","link":"https:\/\/amberdistribution.lv\/lv\/product\/tagaro-cinquenoci-primitivo-puglia-igp\/","title":{"rendered":"Tagaro Cinquenoci  Primitivo Puglia IGP"},"content":{"rendered":"<p>Sausais sarkanv\u012bns no Ap\u016blijas re\u0123iona It\u0101lijas dienvidos gatavots no Primitivo\u00a0 v\u012bnog\u0101m, kas augu\u0161as 30 gadus vecos v\u012bnogul\u0101jos, iztur\u0113ts 8 m\u0113ne\u0161us ozolkoka muc\u0101s un p\u0113c tam vismaz 3 m\u0113ne\u0161us pudel\u0113s. \u00a0Rakstur\u012bga intens\u012bvi un notur\u012bga pl\u016bmju iev\u0101r\u012bjuma nianse apvienojum\u0101 l\u012bdzsvarotiem upe\u0146u arom\u0101tiem. V\u012bns lieliski sader\u0113s ar tum\u0161\u0101s ga\u013cas \u0113dieniem m\u0113rc\u0113s, saut\u0113jumiem, grill\u0113tiem ga\u013cas \u0113dieniem un cepe\u0161iem.<\/p>\n","protected":false},"excerpt":{"rendered":"<p>Sausais sarkanv\u012bns no Ap\u016blijas re\u0123iona It\u0101lijas dienvidos gatavots no Primitivo\u00a0 v\u012bnog\u0101m, kas augu\u0161as 30 gadus vecos v\u012bnogul\u0101jos, iztur\u0113ts 8 m\u0113ne\u0161us ozolkoka muc\u0101s un p\u0113c tam vismaz 3 m\u0113ne\u0161us pudel\u0113s. \u00a0Rakstur\u012bga...<\/p>\n","protected":false},"featured_media":7252,"template":"","meta":[],"product_cat":[418],"product_tag":[],"acf":[],"_links":{"self":[{"href":"https:\/\/amberdistribution.lv\/lv\/wp-json\/wp\/v2\/product\/7156"}],"collection":[{"href":"https:\/\/amberdistribution.lv\/lv\/wp-json\/wp\/v2\/product"}],"about":[{"href":"https:\/\/amberdistribution.lv\/lv\/wp-json\/wp\/v2\/types\/product"}],"wp:featuredmedia":[{"embeddable":true,"href":"https:\/\/amberdistribution.lv\/lv\/wp-json\/wp\/v2\/media\/7252"}],"wp:attachment":[{"href":"https:\/\/amberdistribution.lv\/lv\/wp-json\/wp\/v2\/media?parent=7156"}],"wp:term":[{"taxonomy":"product_cat","embeddable":true,"href":"https:\/\/amberdistribution.lv\/lv\/wp-json\/wp\/v2\/product_cat?post=7156"},{"taxonomy":"product_tag","embeddable":true,"href":"https:\/\/amberdistribution.lv\/lv\/wp-json\/wp\/v2\/product_tag?post=7156"}],"curies":[{"name":"wp","href":"https:\/\/api.w.org\/{rel}","templated":true}]}}