{"id":7157,"date":"2025-10-23T09:58:26","date_gmt":"2025-10-23T09:58:26","guid":{"rendered":"https:\/\/amberdistribution.lv\/?post_type=product&#038;p=7157"},"modified":"2025-10-30T13:42:34","modified_gmt":"2025-10-30T13:42:34","slug":"tagaro-musorosso-primitivo-di-manduria-dop","status":"publish","type":"product","link":"https:\/\/amberdistribution.lv\/lv\/product\/tagaro-musorosso-primitivo-di-manduria-dop\/","title":{"rendered":"Tagaro Musorosso  Primitivo di Manduria DOP"},"content":{"rendered":"<p>Sausais sarkanv\u012bns no Salento, Mand\u016brijas It\u0101lijas dienvidos gatavots no Primitivo\u00a0 v\u012bnog\u0101m, kas augu\u0161as 15-40 gadus vecos v\u012bnogul\u0101jos, iztur\u0113ts fran\u010du ozolkoka muc\u0101s ar vid\u0113ju grauzd\u0113jumu 8 m\u0113ne\u0161us un p\u0113c tam vismaz 4 m\u0113ne\u0161us pudel\u0113s.\u00a0 Sp\u0113c\u012bgs un elegants v\u012bns ar intens\u012bviem un notur\u012bgiem sarkano ogu arom\u0101tiem un harmonisk\u0101m gar\u0161vielu nians\u0113m. V\u012bns lieliski sader\u0113s ar me\u017eac\u016bkas ga\u013cu, ceptiem \u00a0un grill\u0113tiem sarkan\u0101s ga\u013cas \u0113dieniem, cietajiem sieriem. Pirms pasnieg\u0161anas ieteicams dekant\u0113t.<\/p>\n","protected":false},"excerpt":{"rendered":"<p>Sausais sarkanv\u012bns no Salento, Mand\u016brijas It\u0101lijas dienvidos gatavots no Primitivo\u00a0 v\u012bnog\u0101m, kas augu\u0161as 15-40 gadus vecos v\u012bnogul\u0101jos, iztur\u0113ts fran\u010du ozolkoka muc\u0101s ar vid\u0113ju grauzd\u0113jumu 8 m\u0113ne\u0161us un p\u0113c tam vismaz...<\/p>\n","protected":false},"featured_media":7254,"template":"","meta":[],"product_cat":[418],"product_tag":[],"acf":[],"_links":{"self":[{"href":"https:\/\/amberdistribution.lv\/lv\/wp-json\/wp\/v2\/product\/7157"}],"collection":[{"href":"https:\/\/amberdistribution.lv\/lv\/wp-json\/wp\/v2\/product"}],"about":[{"href":"https:\/\/amberdistribution.lv\/lv\/wp-json\/wp\/v2\/types\/product"}],"wp:featuredmedia":[{"embeddable":true,"href":"https:\/\/amberdistribution.lv\/lv\/wp-json\/wp\/v2\/media\/7254"}],"wp:attachment":[{"href":"https:\/\/amberdistribution.lv\/lv\/wp-json\/wp\/v2\/media?parent=7157"}],"wp:term":[{"taxonomy":"product_cat","embeddable":true,"href":"https:\/\/amberdistribution.lv\/lv\/wp-json\/wp\/v2\/product_cat?post=7157"},{"taxonomy":"product_tag","embeddable":true,"href":"https:\/\/amberdistribution.lv\/lv\/wp-json\/wp\/v2\/product_tag?post=7157"}],"curies":[{"name":"wp","href":"https:\/\/api.w.org\/{rel}","templated":true}]}}