{"id":7158,"date":"2025-10-23T09:56:14","date_gmt":"2025-10-23T09:56:14","guid":{"rendered":"https:\/\/amberdistribution.lv\/?post_type=product&#038;p=7158"},"modified":"2025-10-30T14:44:41","modified_gmt":"2025-10-30T14:44:41","slug":"tagaro-seicaselle-negroamaro-puglia-igp","status":"publish","type":"product","link":"https:\/\/amberdistribution.lv\/lv\/product\/tagaro-seicaselle-negroamaro-puglia-igp\/","title":{"rendered":"Tagaro Seicaselle  Negroamaro Puglia IGP"},"content":{"rendered":"<p>Sausais sarkanv\u012bns no Salento, Ap\u016blijas re\u0123iona It\u0101lijas dienvidos gatavots no Negroamaro\u00a0\u00a0 v\u012bnog\u0101m, kas augu\u0161as 15 gadus vecos v\u012bnogul\u0101jos, iztur\u0113ts 7-8 m\u0113ne\u0161us ozolkoka muc\u0101s un p\u0113c tam vismaz 3 m\u0113ne\u0161us pudel\u0113s.\u00a0 Rakstur\u012bgi bag\u0101t\u012bgi sarkano un ogu arom\u0101ti ar viegl\u0101m Vidusj\u016bras piekrastes\u00a0 gar\u0161augu not\u012bm. V\u012bns lieliski papildin\u0101s pastas, risoto, uzkodas,\u00a0 viegli pagatavotus ga\u013cas \u0113dienus.<\/p>\n","protected":false},"excerpt":{"rendered":"<p>Sausais sarkanv\u012bns no Salento, Ap\u016blijas re\u0123iona It\u0101lijas dienvidos gatavots no Negroamaro\u00a0\u00a0 v\u012bnog\u0101m, kas augu\u0161as 15 gadus vecos v\u012bnogul\u0101jos, iztur\u0113ts 7-8 m\u0113ne\u0161us ozolkoka muc\u0101s un p\u0113c tam vismaz 3 m\u0113ne\u0161us pudel\u0113s.\u00a0...<\/p>\n","protected":false},"featured_media":7264,"template":"","meta":[],"product_cat":[418],"product_tag":[],"acf":[],"_links":{"self":[{"href":"https:\/\/amberdistribution.lv\/lv\/wp-json\/wp\/v2\/product\/7158"}],"collection":[{"href":"https:\/\/amberdistribution.lv\/lv\/wp-json\/wp\/v2\/product"}],"about":[{"href":"https:\/\/amberdistribution.lv\/lv\/wp-json\/wp\/v2\/types\/product"}],"wp:featuredmedia":[{"embeddable":true,"href":"https:\/\/amberdistribution.lv\/lv\/wp-json\/wp\/v2\/media\/7264"}],"wp:attachment":[{"href":"https:\/\/amberdistribution.lv\/lv\/wp-json\/wp\/v2\/media?parent=7158"}],"wp:term":[{"taxonomy":"product_cat","embeddable":true,"href":"https:\/\/amberdistribution.lv\/lv\/wp-json\/wp\/v2\/product_cat?post=7158"},{"taxonomy":"product_tag","embeddable":true,"href":"https:\/\/amberdistribution.lv\/lv\/wp-json\/wp\/v2\/product_tag?post=7158"}],"curies":[{"name":"wp","href":"https:\/\/api.w.org\/{rel}","templated":true}]}}