{"id":7161,"date":"2025-10-23T09:49:35","date_gmt":"2025-10-23T09:49:35","guid":{"rendered":"https:\/\/amberdistribution.lv\/?post_type=product&#038;p=7161"},"modified":"2025-10-30T15:04:15","modified_gmt":"2025-10-30T15:04:15","slug":"tagaro-pinataro-primitivo-puglia-igp","status":"publish","type":"product","link":"https:\/\/amberdistribution.lv\/lv\/product\/tagaro-pinataro-primitivo-puglia-igp\/","title":{"rendered":"Tagaro Pinataro  Primitivo Puglia IGP"},"content":{"rendered":"<p>Sausais sarkanv\u012bns no \u00a0Salento un Murgia Ap\u016blijas re\u0123iona It\u0101lijas dienvidos gatavots no Primitivo\u00a0 v\u012bnog\u0101m, kas augu\u0161as 15-30 gadus vecos v\u012bnogul\u0101jos, iztur\u0113ts 5 m\u0113ne\u0161us ozolkoka muc\u0101s un p\u0113c tam vismaz 4 m\u0113ne\u0161us pudel\u0113s.\u00a0 Rakstur\u012bga intens\u012bva un aug\u013caina gar\u0161a ar saldiem iev\u0101r\u012bjuma un gar\u0161vielu to\u0146iem. V\u012bns lieliski sader\u0113s ar ga\u013cas un d\u0101rze\u0146u \u0113dieniem.<\/p>\n","protected":false},"excerpt":{"rendered":"<p>Sausais sarkanv\u012bns no \u00a0Salento un Murgia Ap\u016blijas re\u0123iona It\u0101lijas dienvidos gatavots no Primitivo\u00a0 v\u012bnog\u0101m, kas augu\u0161as 15-30 gadus vecos v\u012bnogul\u0101jos, iztur\u0113ts 5 m\u0113ne\u0161us ozolkoka muc\u0101s un p\u0113c tam vismaz 4...<\/p>\n","protected":false},"featured_media":7284,"template":"","meta":[],"product_cat":[418],"product_tag":[],"acf":[],"_links":{"self":[{"href":"https:\/\/amberdistribution.lv\/lv\/wp-json\/wp\/v2\/product\/7161"}],"collection":[{"href":"https:\/\/amberdistribution.lv\/lv\/wp-json\/wp\/v2\/product"}],"about":[{"href":"https:\/\/amberdistribution.lv\/lv\/wp-json\/wp\/v2\/types\/product"}],"wp:featuredmedia":[{"embeddable":true,"href":"https:\/\/amberdistribution.lv\/lv\/wp-json\/wp\/v2\/media\/7284"}],"wp:attachment":[{"href":"https:\/\/amberdistribution.lv\/lv\/wp-json\/wp\/v2\/media?parent=7161"}],"wp:term":[{"taxonomy":"product_cat","embeddable":true,"href":"https:\/\/amberdistribution.lv\/lv\/wp-json\/wp\/v2\/product_cat?post=7161"},{"taxonomy":"product_tag","embeddable":true,"href":"https:\/\/amberdistribution.lv\/lv\/wp-json\/wp\/v2\/product_tag?post=7161"}],"curies":[{"name":"wp","href":"https:\/\/api.w.org\/{rel}","templated":true}]}}